{"id":1277,"date":"2025-02-26T12:15:20","date_gmt":"2025-02-26T12:15:20","guid":{"rendered":"https:\/\/fultra.bitaminadigital.com\/fultra\/?page_id=1277"},"modified":"2025-02-26T12:18:43","modified_gmt":"2025-02-26T12:18:43","slug":"bolsa-de-trabajo","status":"publish","type":"page","link":"https:\/\/fultra.bitaminadigital.com\/fultra\/bolsa-de-trabajo\/","title":{"rendered":"Bolsa de Trabajo"},"content":{"rendered":"\t\t<div data-elementor-type=\"wp-page\" data-elementor-id=\"1277\" class=\"elementor elementor-1277\" data-elementor-settings=\"{&quot;ha_cmc_init_switcher&quot;:&quot;no&quot;}\">\n\t\t\t\t\t\t<section class=\"elementor-section elementor-top-section elementor-element elementor-element-75cafc9f elementor-section-boxed elementor-section-height-default elementor-section-height-default\" data-id=\"75cafc9f\" data-element_type=\"section\" data-settings=\"{&quot;_ha_eqh_enable&quot;:false}\">\n\t\t\t\t\t\t<div class=\"elementor-container elementor-column-gap-default\">\n\t\t\t\t\t<div class=\"elementor-column elementor-col-100 elementor-top-column elementor-element elementor-element-2a653f87\" data-id=\"2a653f87\" data-element_type=\"column\">\n\t\t\t<div class=\"elementor-widget-wrap elementor-element-populated\">\n\t\t\t\t\t\t<section class=\"elementor-section elementor-inner-section elementor-element elementor-element-7b2a72fd elementor-section-boxed elementor-section-height-default elementor-section-height-default\" data-id=\"7b2a72fd\" data-element_type=\"section\" data-settings=\"{&quot;_ha_eqh_enable&quot;:false}\">\n\t\t\t\t\t\t<div class=\"elementor-container elementor-column-gap-default\">\n\t\t\t\t\t<div class=\"elementor-column elementor-col-100 elementor-inner-column elementor-element elementor-element-49a785b9\" data-id=\"49a785b9\" data-element_type=\"column\">\n\t\t\t<div class=\"elementor-widget-wrap elementor-element-populated\">\n\t\t\t\t\t\t<div class=\"elementor-element elementor-element-afb692c elementor-widget elementor-widget-heading\" data-id=\"afb692c\" data-element_type=\"widget\" data-widget_type=\"heading.default\">\n\t\t\t\t\t<h1 class=\"elementor-heading-title elementor-size-default\">Bolsa de trabajo<\/h1>\t\t\t\t<\/div>\n\t\t\t\t<div class=\"elementor-element elementor-element-d5edf1a elementor-widget-divider--view-line elementor-widget elementor-widget-divider\" data-id=\"d5edf1a\" data-element_type=\"widget\" data-widget_type=\"divider.default\">\n\t\t\t\t\t\t\t<div class=\"elementor-divider\">\n\t\t\t<span class=\"elementor-divider-separator\">\n\t\t\t\t\t\t<\/span>\n\t\t<\/div>\n\t\t\t\t\t\t<\/div>\n\t\t\t\t<div class=\"elementor-element elementor-element-33c9c9e elementor-widget elementor-widget-ha-cf7 happy-addon ha-cf7\" data-id=\"33c9c9e\" data-element_type=\"widget\" data-widget_type=\"ha-cf7.default\">\n\t\t\t\t<div class=\"elementor-widget-container\">\n\t\t\t\t\t\n<div class=\"wpcf7 no-js\" id=\"wpcf7-f1276-o1\" lang=\"es-MX\" dir=\"ltr\" data-wpcf7-id=\"1276\">\n<div class=\"screen-reader-response\"><p role=\"status\" aria-live=\"polite\" aria-atomic=\"true\"><\/p> <ul><\/ul><\/div>\n<form action=\"\/fultra\/wp-json\/wp\/v2\/pages\/1277#wpcf7-f1276-o1\" method=\"post\" class=\"wpcf7-form init ha-cf7-form\" aria-label=\"Formulario de contacto\" enctype=\"multipart\/form-data\" novalidate=\"novalidate\" data-status=\"init\">\n<div style=\"display: none;\">\n<input type=\"hidden\" name=\"_wpcf7\" value=\"1276\" \/>\n<input type=\"hidden\" name=\"_wpcf7_version\" value=\"6.0.4\" \/>\n<input type=\"hidden\" name=\"_wpcf7_locale\" value=\"es_MX\" \/>\n<input type=\"hidden\" name=\"_wpcf7_unit_tag\" value=\"wpcf7-f1276-o1\" \/>\n<input type=\"hidden\" name=\"_wpcf7_container_post\" value=\"0\" \/>\n<input type=\"hidden\" name=\"_wpcf7_posted_data_hash\" value=\"\" \/>\n<\/div>\n<p><label> Nombre<br \/>\n<span class=\"wpcf7-form-control-wrap\" data-name=\"your-name\"><input size=\"40\" maxlength=\"400\" class=\"wpcf7-form-control wpcf7-text wpcf7-validates-as-required\" autocomplete=\"name\" aria-required=\"true\" aria-invalid=\"false\" value=\"\" type=\"text\" name=\"your-name\" \/><\/span> <\/label>\n<\/p>\n<p><label> Empresa<br \/>\n<span class=\"wpcf7-form-control-wrap\" data-name=\"your-text\"><input size=\"40\" maxlength=\"400\" class=\"wpcf7-form-control wpcf7-text wpcf7-validates-as-required\" aria-required=\"true\" aria-invalid=\"false\" value=\"\" type=\"text\" name=\"your-text\" \/><\/span> <\/label>\n<\/p>\n<p><label> Correo electr\u00f3nico<br \/>\n<span class=\"wpcf7-form-control-wrap\" data-name=\"your-email\"><input size=\"40\" maxlength=\"400\" class=\"wpcf7-form-control wpcf7-email wpcf7-validates-as-required wpcf7-text wpcf7-validates-as-email\" autocomplete=\"email\" aria-required=\"true\" aria-invalid=\"false\" value=\"\" type=\"email\" name=\"your-email\" \/><\/span> <\/label>\n<\/p>\n<p><label> Tel\u00e9fono<br \/>\n<span class=\"wpcf7-form-control-wrap\" data-name=\"your-telephone\"><input size=\"40\" maxlength=\"400\" class=\"wpcf7-form-control wpcf7-text wpcf7-validates-as-required\" aria-required=\"true\" aria-invalid=\"false\" value=\"\" type=\"text\" name=\"your-telephone\" \/><\/span> <\/label>\n<\/p>\n<p><label> Selecciona un archivo<br \/>\n<span class=\"wpcf7-form-control-wrap\" data-name=\"adjunto\"><input size=\"40\" class=\"wpcf7-form-control wpcf7-file\" accept=\"\" aria-invalid=\"false\" type=\"file\" name=\"adjunto\" \/><\/span><br \/>\n<\/label>\n<\/p>\n<p>L\u00edmite m\u00e1ximo de 3MB. Formatos v\u00e1lidos: Word y PDF.\n<\/p>\n<p><input class=\"wpcf7-form-control wpcf7-submit has-spinner\" type=\"submit\" value=\"Enviar\" \/>\n<\/p><div class=\"wpcf7-response-output\" aria-hidden=\"true\"><\/div>\n<\/form>\n<\/div>\n\t\t\t\t<\/div>\n\t\t\t\t<\/div>\n\t\t\t\t\t<\/div>\n\t\t<\/div>\n\t\t\t\t\t<\/div>\n\t\t<\/section>\n\t\t\t\t\t<\/div>\n\t\t<\/div>\n\t\t\t\t\t<\/div>\n\t\t<\/section>\n\t\t\t\t<\/div>\n\t\t","protected":false},"excerpt":{"rendered":"<p>Bolsa de trabajo Nombre Empresa Correo electr\u00f3nico Tel\u00e9fono Selecciona un archivo L\u00edmite m\u00e1ximo de 3MB. Formatos v\u00e1lidos: Word y PDF.<\/p>\n","protected":false},"author":1,"featured_media":0,"parent":0,"menu_order":0,"comment_status":"closed","ping_status":"closed","template":"","meta":{"footnotes":""},"class_list":["post-1277","page","type-page","status-publish","hentry"],"yoast_head":"<!-- This site is optimized with the Yoast SEO plugin v24.5 - https:\/\/yoast.com\/wordpress\/plugins\/seo\/ -->\n<title>\u00danete a Fultra, env\u00eda tu curr\u00edculum en l\u00ednea<\/title>\n<meta name=\"description\" content=\"Fultra busca talento como el tuyo. Post\u00falate enviando tu curr\u00edculum mediante nuestro formulario web y forma parte de nuestro equipo profesional.\" \/>\n<meta name=\"robots\" content=\"index, follow, max-snippet:-1, max-image-preview:large, max-video-preview:-1\" \/>\n<link rel=\"canonical\" href=\"https:\/\/fultra.bitaminadigital.com\/fultra\/bolsa-de-trabajo\/\" \/>\n<meta property=\"og:locale\" content=\"es_MX\" \/>\n<meta property=\"og:type\" content=\"article\" \/>\n<meta property=\"og:title\" content=\"\u00danete a Fultra, env\u00eda tu curr\u00edculum en l\u00ednea\" \/>\n<meta property=\"og:description\" content=\"Fultra busca talento como el tuyo. Post\u00falate enviando tu curr\u00edculum mediante nuestro formulario web y forma parte de nuestro equipo profesional.\" \/>\n<meta property=\"og:url\" content=\"https:\/\/fultra.bitaminadigital.com\/fultra\/bolsa-de-trabajo\/\" \/>\n<meta property=\"og:site_name\" content=\"Fultra\" \/>\n<meta property=\"article:modified_time\" content=\"2025-02-26T12:18:43+00:00\" \/>\n<meta property=\"og:image\" content=\"https:\/\/fultra.bitaminadigital.com\/fultra\/wp-content\/uploads\/2025\/01\/logo-fultra-e1736518485601.webp\" \/>\n\t<meta property=\"og:image:width\" content=\"383\" \/>\n\t<meta property=\"og:image:height\" content=\"80\" \/>\n\t<meta property=\"og:image:type\" content=\"image\/webp\" \/>\n<meta name=\"twitter:card\" content=\"summary_large_image\" \/>\n<meta name=\"twitter:label1\" content=\"Tiempo de lectura\" \/>\n\t<meta name=\"twitter:data1\" content=\"1 minuto\" \/>\n<script type=\"application\/ld+json\" class=\"yoast-schema-graph\">{\"@context\":\"https:\/\/schema.org\",\"@graph\":[{\"@type\":\"WebPage\",\"@id\":\"https:\/\/fultra.bitaminadigital.com\/fultra\/bolsa-de-trabajo\/\",\"url\":\"https:\/\/fultra.bitaminadigital.com\/fultra\/bolsa-de-trabajo\/\",\"name\":\"\u00danete a Fultra, env\u00eda tu curr\u00edculum en l\u00ednea\",\"isPartOf\":{\"@id\":\"https:\/\/fultra.bitaminadigital.com\/fultra\/#website\"},\"datePublished\":\"2025-02-26T12:15:20+00:00\",\"dateModified\":\"2025-02-26T12:18:43+00:00\",\"description\":\"Fultra busca talento como el tuyo. Post\u00falate enviando tu curr\u00edculum mediante nuestro formulario web y forma parte de nuestro equipo profesional.\",\"breadcrumb\":{\"@id\":\"https:\/\/fultra.bitaminadigital.com\/fultra\/bolsa-de-trabajo\/#breadcrumb\"},\"inLanguage\":\"es\",\"potentialAction\":[{\"@type\":\"ReadAction\",\"target\":[\"https:\/\/fultra.bitaminadigital.com\/fultra\/bolsa-de-trabajo\/\"]}]},{\"@type\":\"BreadcrumbList\",\"@id\":\"https:\/\/fultra.bitaminadigital.com\/fultra\/bolsa-de-trabajo\/#breadcrumb\",\"itemListElement\":[{\"@type\":\"ListItem\",\"position\":1,\"name\":\"Inicio\",\"item\":\"https:\/\/fultra.bitaminadigital.com\/fultra\/\"},{\"@type\":\"ListItem\",\"position\":2,\"name\":\"Bolsa de Trabajo\"}]},{\"@type\":\"WebSite\",\"@id\":\"https:\/\/fultra.bitaminadigital.com\/fultra\/#website\",\"url\":\"https:\/\/fultra.bitaminadigital.com\/fultra\/\",\"name\":\"Fultra\",\"description\":\"Soluciones al transporte\",\"publisher\":{\"@id\":\"https:\/\/fultra.bitaminadigital.com\/fultra\/#organization\"},\"alternateName\":\"Fultra MX\",\"potentialAction\":[{\"@type\":\"SearchAction\",\"target\":{\"@type\":\"EntryPoint\",\"urlTemplate\":\"https:\/\/fultra.bitaminadigital.com\/fultra\/?s={search_term_string}\"},\"query-input\":{\"@type\":\"PropertyValueSpecification\",\"valueRequired\":true,\"valueName\":\"search_term_string\"}}],\"inLanguage\":\"es\"},{\"@type\":\"Organization\",\"@id\":\"https:\/\/fultra.bitaminadigital.com\/fultra\/#organization\",\"name\":\"Fultra\",\"url\":\"https:\/\/fultra.bitaminadigital.com\/fultra\/\",\"logo\":{\"@type\":\"ImageObject\",\"inLanguage\":\"es\",\"@id\":\"https:\/\/fultra.bitaminadigital.com\/fultra\/#\/schema\/logo\/image\/\",\"url\":\"https:\/\/fultra.bitaminadigital.com\/fultra\/wp-content\/uploads\/2025\/01\/logo-fultra-e1736518485601.webp\",\"contentUrl\":\"https:\/\/fultra.bitaminadigital.com\/fultra\/wp-content\/uploads\/2025\/01\/logo-fultra-e1736518485601.webp\",\"width\":383,\"height\":80,\"caption\":\"Fultra\"},\"image\":{\"@id\":\"https:\/\/fultra.bitaminadigital.com\/fultra\/#\/schema\/logo\/image\/\"},\"sameAs\":[\"https:\/\/www.linkedin.com\/company\/fultra\/\"]}]}<\/script>\n<!-- \/ Yoast SEO plugin. -->","yoast_head_json":{"title":"\u00danete a Fultra, env\u00eda tu curr\u00edculum en l\u00ednea","description":"Fultra busca talento como el tuyo. Post\u00falate enviando tu curr\u00edculum mediante nuestro formulario web y forma parte de nuestro equipo profesional.","robots":{"index":"index","follow":"follow","max-snippet":"max-snippet:-1","max-image-preview":"max-image-preview:large","max-video-preview":"max-video-preview:-1"},"canonical":"https:\/\/fultra.bitaminadigital.com\/fultra\/bolsa-de-trabajo\/","og_locale":"es_MX","og_type":"article","og_title":"\u00danete a Fultra, env\u00eda tu curr\u00edculum en l\u00ednea","og_description":"Fultra busca talento como el tuyo. Post\u00falate enviando tu curr\u00edculum mediante nuestro formulario web y forma parte de nuestro equipo profesional.","og_url":"https:\/\/fultra.bitaminadigital.com\/fultra\/bolsa-de-trabajo\/","og_site_name":"Fultra","article_modified_time":"2025-02-26T12:18:43+00:00","og_image":[{"width":383,"height":80,"url":"https:\/\/fultra.bitaminadigital.com\/fultra\/wp-content\/uploads\/2025\/01\/logo-fultra-e1736518485601.webp","type":"image\/webp"}],"twitter_card":"summary_large_image","twitter_misc":{"Tiempo de lectura":"1 minuto"},"schema":{"@context":"https:\/\/schema.org","@graph":[{"@type":"WebPage","@id":"https:\/\/fultra.bitaminadigital.com\/fultra\/bolsa-de-trabajo\/","url":"https:\/\/fultra.bitaminadigital.com\/fultra\/bolsa-de-trabajo\/","name":"\u00danete a Fultra, env\u00eda tu curr\u00edculum en l\u00ednea","isPartOf":{"@id":"https:\/\/fultra.bitaminadigital.com\/fultra\/#website"},"datePublished":"2025-02-26T12:15:20+00:00","dateModified":"2025-02-26T12:18:43+00:00","description":"Fultra busca talento como el tuyo. Post\u00falate enviando tu curr\u00edculum mediante nuestro formulario web y forma parte de nuestro equipo profesional.","breadcrumb":{"@id":"https:\/\/fultra.bitaminadigital.com\/fultra\/bolsa-de-trabajo\/#breadcrumb"},"inLanguage":"es","potentialAction":[{"@type":"ReadAction","target":["https:\/\/fultra.bitaminadigital.com\/fultra\/bolsa-de-trabajo\/"]}]},{"@type":"BreadcrumbList","@id":"https:\/\/fultra.bitaminadigital.com\/fultra\/bolsa-de-trabajo\/#breadcrumb","itemListElement":[{"@type":"ListItem","position":1,"name":"Inicio","item":"https:\/\/fultra.bitaminadigital.com\/fultra\/"},{"@type":"ListItem","position":2,"name":"Bolsa de Trabajo"}]},{"@type":"WebSite","@id":"https:\/\/fultra.bitaminadigital.com\/fultra\/#website","url":"https:\/\/fultra.bitaminadigital.com\/fultra\/","name":"Fultra","description":"Soluciones al transporte","publisher":{"@id":"https:\/\/fultra.bitaminadigital.com\/fultra\/#organization"},"alternateName":"Fultra MX","potentialAction":[{"@type":"SearchAction","target":{"@type":"EntryPoint","urlTemplate":"https:\/\/fultra.bitaminadigital.com\/fultra\/?s={search_term_string}"},"query-input":{"@type":"PropertyValueSpecification","valueRequired":true,"valueName":"search_term_string"}}],"inLanguage":"es"},{"@type":"Organization","@id":"https:\/\/fultra.bitaminadigital.com\/fultra\/#organization","name":"Fultra","url":"https:\/\/fultra.bitaminadigital.com\/fultra\/","logo":{"@type":"ImageObject","inLanguage":"es","@id":"https:\/\/fultra.bitaminadigital.com\/fultra\/#\/schema\/logo\/image\/","url":"https:\/\/fultra.bitaminadigital.com\/fultra\/wp-content\/uploads\/2025\/01\/logo-fultra-e1736518485601.webp","contentUrl":"https:\/\/fultra.bitaminadigital.com\/fultra\/wp-content\/uploads\/2025\/01\/logo-fultra-e1736518485601.webp","width":383,"height":80,"caption":"Fultra"},"image":{"@id":"https:\/\/fultra.bitaminadigital.com\/fultra\/#\/schema\/logo\/image\/"},"sameAs":["https:\/\/www.linkedin.com\/company\/fultra\/"]}]}},"_links":{"self":[{"href":"https:\/\/fultra.bitaminadigital.com\/fultra\/wp-json\/wp\/v2\/pages\/1277","targetHints":{"allow":["GET"]}}],"collection":[{"href":"https:\/\/fultra.bitaminadigital.com\/fultra\/wp-json\/wp\/v2\/pages"}],"about":[{"href":"https:\/\/fultra.bitaminadigital.com\/fultra\/wp-json\/wp\/v2\/types\/page"}],"author":[{"embeddable":true,"href":"https:\/\/fultra.bitaminadigital.com\/fultra\/wp-json\/wp\/v2\/users\/1"}],"replies":[{"embeddable":true,"href":"https:\/\/fultra.bitaminadigital.com\/fultra\/wp-json\/wp\/v2\/comments?post=1277"}],"version-history":[{"count":4,"href":"https:\/\/fultra.bitaminadigital.com\/fultra\/wp-json\/wp\/v2\/pages\/1277\/revisions"}],"predecessor-version":[{"id":1281,"href":"https:\/\/fultra.bitaminadigital.com\/fultra\/wp-json\/wp\/v2\/pages\/1277\/revisions\/1281"}],"wp:attachment":[{"href":"https:\/\/fultra.bitaminadigital.com\/fultra\/wp-json\/wp\/v2\/media?parent=1277"}],"curies":[{"name":"wp","href":"https:\/\/api.w.org\/{rel}","templated":true}]}}