{"id":165,"date":"2025-01-14T22:47:42","date_gmt":"2025-01-14T22:47:42","guid":{"rendered":"https:\/\/fultra.bitaminadigital.com\/fultra\/?page_id=165"},"modified":"2025-02-25T18:28:43","modified_gmt":"2025-02-25T18:28:43","slug":"amparts-refacciones","status":"publish","type":"page","link":"https:\/\/fultra.bitaminadigital.com\/fultra\/amparts-refacciones\/","title":{"rendered":"Empresas | AMPARTS"},"content":{"rendered":"\t\t<div data-elementor-type=\"wp-post\" data-elementor-id=\"165\" class=\"elementor elementor-165\" data-elementor-settings=\"{&quot;ha_cmc_init_switcher&quot;:&quot;no&quot;}\">\n\t\t\t\t<div class=\"elementor-element elementor-element-7585b6b2 e-con-full e-flex e-con e-parent\" data-id=\"7585b6b2\" data-element_type=\"container\" data-settings=\"{&quot;background_background&quot;:&quot;classic&quot;,&quot;_ha_eqh_enable&quot;:false}\">\n\t\t\t\t<\/div>\n\t\t<div class=\"elementor-element elementor-element-b2854b2 e-con-full e-flex e-con e-parent\" data-id=\"b2854b2\" data-element_type=\"container\" data-settings=\"{&quot;_ha_eqh_enable&quot;:false}\">\n\t\t\t\t<div class=\"elementor-element elementor-element-0a6a294 elementor-widget elementor-widget-heading\" data-id=\"0a6a294\" data-element_type=\"widget\" data-widget_type=\"heading.default\">\n\t\t\t\t\t<h1 class=\"elementor-heading-title elementor-size-default\">El socio preferido del transportista en refacciones de remolques y camiones<\/h1>\t\t\t\t<\/div>\n\t\t\t\t<div class=\"elementor-element elementor-element-67911cb elementor-widget elementor-widget-text-editor\" data-id=\"67911cb\" data-element_type=\"widget\" data-widget_type=\"text-editor.default\">\n\t\t\t\t\t\t\t\t\t<p><span style=\"font-weight: 400;\">Con 35 a\u00f1os de trayectoria, Amparts es l\u00edder en M\u00e9xico dentro del mercado de comercializaci\u00f3n de partes y refacciones para todo tipo de remolques y cami\u00f3n, con presencia a lo largo de todo el territorio mexicano y en el sur de Texas.<\/span><\/p><p><span style=\"font-weight: 400;\">Amparts, tiene m\u00e1s de 150 asesores especializados; portafolio de productos originales con m\u00e1s de 34 l\u00edneas que cubren todas las categor\u00edas de producto como suspensi\u00f3n, ejes, equipos de arrastre, extremo de rueda, llantas, rines, equipos de sujeci\u00f3n de carga, frenos, motor a di\u00e9sel entre otros.<\/span><\/p>\t\t\t\t\t\t\t\t<\/div>\n\t\t\t\t<\/div>\n\t\t<div class=\"elementor-element elementor-element-8661644 e-con-full e-flex e-con e-parent\" data-id=\"8661644\" data-element_type=\"container\" data-settings=\"{&quot;_ha_eqh_enable&quot;:false}\">\n\t\t<div class=\"elementor-element elementor-element-a635880 e-con-full e-flex e-con e-child\" data-id=\"a635880\" data-element_type=\"container\" data-settings=\"{&quot;_ha_eqh_enable&quot;:false}\">\n\t\t\t\t<div class=\"elementor-element elementor-element-de855eb elementor-widget elementor-widget-heading\" data-id=\"de855eb\" data-element_type=\"widget\" data-widget_type=\"heading.default\">\n\t\t\t\t\t<h2 class=\"elementor-heading-title elementor-size-default\">AMPARTS M\u00c9XICO<\/h2>\t\t\t\t<\/div>\n\t\t\t\t<div class=\"elementor-element elementor-element-4350dc7 elementor-widget-divider--view-line elementor-widget elementor-widget-divider\" data-id=\"4350dc7\" data-element_type=\"widget\" data-widget_type=\"divider.default\">\n\t\t\t\t\t\t\t<div class=\"elementor-divider\">\n\t\t\t<span class=\"elementor-divider-separator\">\n\t\t\t\t\t\t<\/span>\n\t\t<\/div>\n\t\t\t\t\t\t<\/div>\n\t\t\t\t<div class=\"elementor-element elementor-element-4089f17 elementor-widget elementor-widget-text-editor\" data-id=\"4089f17\" data-element_type=\"widget\" data-widget_type=\"text-editor.default\">\n\t\t\t\t\t\t\t\t\t<p><span style=\"font-weight: 400;\">Sus 2 Centros de Distribuci\u00f3n ubicados en Monterrey y en Guadalajara con m\u00e1s de 11,000 m2 de espacio, abastecen a sus 29 sucursales en M\u00e9xico brindando una mayor <\/span><b>disponibilidad<\/b><span style=\"font-weight: 400;\"> y agilidad en el suministro de componentes y repuestos, a trav\u00e9s de las mismas y de sus m\u00e1s de 150 unidades de reparto para entregar el material en las instalaciones de sus clientes. Actualmente atienden a m\u00e1s de 10,000 clientes tanto empresas transportistas, talleres, refaccionarias, as\u00ed como fabricantes de remolques. Cuentan con un <\/span><b>programa de fidelizaci\u00f3n<\/b><span style=\"font-weight: 400;\"> para atender a Cuentas Nacionales que buscan beneficios especiales llamado TOPFLEETS.<\/span><\/p><p><span style=\"font-weight: 400;\">Amparts est\u00e1 centrado en sus clientes para ofrecer <\/span><b>la mejor atenci\u00f3n y servicio<\/b><span style=\"font-weight: 400;\">, es por ello, que mantiene un programa de mejora continua en infraestructura, sistemas y procesos para mejorar la experiencia de compra.<\/span><\/p>\t\t\t\t\t\t\t\t<\/div>\n\t\t\t\t<div class=\"elementor-element elementor-element-918cc2d elementor-mobile-align-justify elementor-widget elementor-widget-button\" data-id=\"918cc2d\" data-element_type=\"widget\" data-widget_type=\"button.default\">\n\t\t\t\t\t\t\t\t\t\t<a class=\"elementor-button elementor-button-link elementor-size-sm\" href=\"https:\/\/amparts.com.mx\/\" target=\"_blank\">\n\t\t\t\t\t\t<span class=\"elementor-button-content-wrapper\">\n\t\t\t\t\t\t\t\t\t<span class=\"elementor-button-text\">Visitar sitio<\/span>\n\t\t\t\t\t<\/span>\n\t\t\t\t\t<\/a>\n\t\t\t\t\t\t\t\t<\/div>\n\t\t\t\t<\/div>\n\t\t<div class=\"elementor-element elementor-element-2620d5f e-con-full e-flex e-con e-child\" data-id=\"2620d5f\" data-element_type=\"container\" data-settings=\"{&quot;background_background&quot;:&quot;slideshow&quot;,&quot;background_slideshow_gallery&quot;:[{&quot;id&quot;:210,&quot;url&quot;:&quot;https:\\\/\\\/fultra.bitaminadigital.com\\\/fultra\\\/wp-content\\\/uploads\\\/2025\\\/01\\\/planta-amparts-01.webp&quot;},{&quot;id&quot;:211,&quot;url&quot;:&quot;https:\\\/\\\/fultra.bitaminadigital.com\\\/fultra\\\/wp-content\\\/uploads\\\/2025\\\/01\\\/planta-amparts-02.webp&quot;},{&quot;id&quot;:212,&quot;url&quot;:&quot;https:\\\/\\\/fultra.bitaminadigital.com\\\/fultra\\\/wp-content\\\/uploads\\\/2025\\\/01\\\/planta-amparts-03.webp&quot;}],&quot;background_slideshow_loop&quot;:&quot;yes&quot;,&quot;background_slideshow_slide_duration&quot;:5000,&quot;background_slideshow_slide_transition&quot;:&quot;fade&quot;,&quot;background_slideshow_transition_duration&quot;:500,&quot;_ha_eqh_enable&quot;:false}\">\n\t\t\t\t<\/div>\n\t\t\t\t<\/div>\n\t\t\t\t<\/div>\n\t\t","protected":false},"excerpt":{"rendered":"<p>El socio preferido del transportista en refacciones de remolques y camiones Con 35 a\u00f1os de trayectoria, Amparts es l\u00edder en M\u00e9xico dentro del mercado de comercializaci\u00f3n de partes y refacciones para todo tipo de remolques y cami\u00f3n, con presencia a lo largo de todo el territorio mexicano y en el sur de Texas. Amparts, tiene [&hellip;]<\/p>\n","protected":false},"author":1,"featured_media":0,"parent":0,"menu_order":0,"comment_status":"closed","ping_status":"closed","template":"","meta":{"footnotes":""},"class_list":["post-165","page","type-page","status-publish","hentry"],"yoast_head":"<!-- This site is optimized with the Yoast SEO plugin v24.5 - https:\/\/yoast.com\/wordpress\/plugins\/seo\/ -->\n<title>Amparts, Tu Socio en Refacciones para Transporte de Carga<\/title>\n<meta name=\"description\" content=\"Amparts: l\u00edder en M\u00e9xico con 35 a\u00f1os en refacciones para remolques y camiones, ofreciendo m\u00e1s de 34 l\u00edneas de productos y 29 sucursales en todo el pa\u00eds.\" \/>\n<meta name=\"robots\" content=\"index, follow, max-snippet:-1, max-image-preview:large, max-video-preview:-1\" \/>\n<link rel=\"canonical\" href=\"https:\/\/fultra.bitaminadigital.com\/fultra\/amparts-refacciones\/\" \/>\n<meta property=\"og:locale\" content=\"es_MX\" \/>\n<meta property=\"og:type\" content=\"article\" \/>\n<meta property=\"og:title\" content=\"Amparts, Tu Socio en Refacciones para Transporte de Carga\" \/>\n<meta property=\"og:description\" content=\"Amparts: l\u00edder en M\u00e9xico con 35 a\u00f1os en refacciones para remolques y camiones, ofreciendo m\u00e1s de 34 l\u00edneas de productos y 29 sucursales en todo el pa\u00eds.\" \/>\n<meta property=\"og:url\" content=\"https:\/\/fultra.bitaminadigital.com\/fultra\/amparts-refacciones\/\" \/>\n<meta property=\"og:site_name\" content=\"Fultra\" \/>\n<meta property=\"article:modified_time\" content=\"2025-02-25T18:28:43+00:00\" \/>\n<meta property=\"og:image\" content=\"https:\/\/fultra.bitaminadigital.com\/fultra\/wp-content\/uploads\/2025\/01\/logo-fultra-e1736518485601.webp\" \/>\n\t<meta property=\"og:image:width\" content=\"383\" \/>\n\t<meta property=\"og:image:height\" content=\"80\" \/>\n\t<meta property=\"og:image:type\" content=\"image\/webp\" \/>\n<meta name=\"twitter:card\" content=\"summary_large_image\" \/>\n<script type=\"application\/ld+json\" class=\"yoast-schema-graph\">{\"@context\":\"https:\/\/schema.org\",\"@graph\":[{\"@type\":\"WebPage\",\"@id\":\"https:\/\/fultra.bitaminadigital.com\/fultra\/amparts-refacciones\/\",\"url\":\"https:\/\/fultra.bitaminadigital.com\/fultra\/amparts-refacciones\/\",\"name\":\"Amparts, Tu Socio en Refacciones para Transporte de Carga\",\"isPartOf\":{\"@id\":\"https:\/\/fultra.bitaminadigital.com\/fultra\/#website\"},\"datePublished\":\"2025-01-14T22:47:42+00:00\",\"dateModified\":\"2025-02-25T18:28:43+00:00\",\"description\":\"Amparts: l\u00edder en M\u00e9xico con 35 a\u00f1os en refacciones para remolques y camiones, ofreciendo m\u00e1s de 34 l\u00edneas de productos y 29 sucursales en todo el pa\u00eds.\",\"breadcrumb\":{\"@id\":\"https:\/\/fultra.bitaminadigital.com\/fultra\/amparts-refacciones\/#breadcrumb\"},\"inLanguage\":\"es\",\"potentialAction\":[{\"@type\":\"ReadAction\",\"target\":[\"https:\/\/fultra.bitaminadigital.com\/fultra\/amparts-refacciones\/\"]}]},{\"@type\":\"BreadcrumbList\",\"@id\":\"https:\/\/fultra.bitaminadigital.com\/fultra\/amparts-refacciones\/#breadcrumb\",\"itemListElement\":[{\"@type\":\"ListItem\",\"position\":1,\"name\":\"Inicio\",\"item\":\"https:\/\/fultra.bitaminadigital.com\/fultra\/\"},{\"@type\":\"ListItem\",\"position\":2,\"name\":\"Empresas | AMPARTS\"}]},{\"@type\":\"WebSite\",\"@id\":\"https:\/\/fultra.bitaminadigital.com\/fultra\/#website\",\"url\":\"https:\/\/fultra.bitaminadigital.com\/fultra\/\",\"name\":\"Fultra\",\"description\":\"Soluciones al transporte\",\"publisher\":{\"@id\":\"https:\/\/fultra.bitaminadigital.com\/fultra\/#organization\"},\"alternateName\":\"Fultra MX\",\"potentialAction\":[{\"@type\":\"SearchAction\",\"target\":{\"@type\":\"EntryPoint\",\"urlTemplate\":\"https:\/\/fultra.bitaminadigital.com\/fultra\/?s={search_term_string}\"},\"query-input\":{\"@type\":\"PropertyValueSpecification\",\"valueRequired\":true,\"valueName\":\"search_term_string\"}}],\"inLanguage\":\"es\"},{\"@type\":\"Organization\",\"@id\":\"https:\/\/fultra.bitaminadigital.com\/fultra\/#organization\",\"name\":\"Fultra\",\"url\":\"https:\/\/fultra.bitaminadigital.com\/fultra\/\",\"logo\":{\"@type\":\"ImageObject\",\"inLanguage\":\"es\",\"@id\":\"https:\/\/fultra.bitaminadigital.com\/fultra\/#\/schema\/logo\/image\/\",\"url\":\"https:\/\/fultra.bitaminadigital.com\/fultra\/wp-content\/uploads\/2025\/01\/logo-fultra-e1736518485601.webp\",\"contentUrl\":\"https:\/\/fultra.bitaminadigital.com\/fultra\/wp-content\/uploads\/2025\/01\/logo-fultra-e1736518485601.webp\",\"width\":383,\"height\":80,\"caption\":\"Fultra\"},\"image\":{\"@id\":\"https:\/\/fultra.bitaminadigital.com\/fultra\/#\/schema\/logo\/image\/\"},\"sameAs\":[\"https:\/\/www.linkedin.com\/company\/fultra\/\"]}]}<\/script>\n<!-- \/ Yoast SEO plugin. -->","yoast_head_json":{"title":"Amparts, Tu Socio en Refacciones para Transporte de Carga","description":"Amparts: l\u00edder en M\u00e9xico con 35 a\u00f1os en refacciones para remolques y camiones, ofreciendo m\u00e1s de 34 l\u00edneas de productos y 29 sucursales en todo el pa\u00eds.","robots":{"index":"index","follow":"follow","max-snippet":"max-snippet:-1","max-image-preview":"max-image-preview:large","max-video-preview":"max-video-preview:-1"},"canonical":"https:\/\/fultra.bitaminadigital.com\/fultra\/amparts-refacciones\/","og_locale":"es_MX","og_type":"article","og_title":"Amparts, Tu Socio en Refacciones para Transporte de Carga","og_description":"Amparts: l\u00edder en M\u00e9xico con 35 a\u00f1os en refacciones para remolques y camiones, ofreciendo m\u00e1s de 34 l\u00edneas de productos y 29 sucursales en todo el pa\u00eds.","og_url":"https:\/\/fultra.bitaminadigital.com\/fultra\/amparts-refacciones\/","og_site_name":"Fultra","article_modified_time":"2025-02-25T18:28:43+00:00","og_image":[{"width":383,"height":80,"url":"https:\/\/fultra.bitaminadigital.com\/fultra\/wp-content\/uploads\/2025\/01\/logo-fultra-e1736518485601.webp","type":"image\/webp"}],"twitter_card":"summary_large_image","schema":{"@context":"https:\/\/schema.org","@graph":[{"@type":"WebPage","@id":"https:\/\/fultra.bitaminadigital.com\/fultra\/amparts-refacciones\/","url":"https:\/\/fultra.bitaminadigital.com\/fultra\/amparts-refacciones\/","name":"Amparts, Tu Socio en Refacciones para Transporte de Carga","isPartOf":{"@id":"https:\/\/fultra.bitaminadigital.com\/fultra\/#website"},"datePublished":"2025-01-14T22:47:42+00:00","dateModified":"2025-02-25T18:28:43+00:00","description":"Amparts: l\u00edder en M\u00e9xico con 35 a\u00f1os en refacciones para remolques y camiones, ofreciendo m\u00e1s de 34 l\u00edneas de productos y 29 sucursales en todo el pa\u00eds.","breadcrumb":{"@id":"https:\/\/fultra.bitaminadigital.com\/fultra\/amparts-refacciones\/#breadcrumb"},"inLanguage":"es","potentialAction":[{"@type":"ReadAction","target":["https:\/\/fultra.bitaminadigital.com\/fultra\/amparts-refacciones\/"]}]},{"@type":"BreadcrumbList","@id":"https:\/\/fultra.bitaminadigital.com\/fultra\/amparts-refacciones\/#breadcrumb","itemListElement":[{"@type":"ListItem","position":1,"name":"Inicio","item":"https:\/\/fultra.bitaminadigital.com\/fultra\/"},{"@type":"ListItem","position":2,"name":"Empresas | AMPARTS"}]},{"@type":"WebSite","@id":"https:\/\/fultra.bitaminadigital.com\/fultra\/#website","url":"https:\/\/fultra.bitaminadigital.com\/fultra\/","name":"Fultra","description":"Soluciones al transporte","publisher":{"@id":"https:\/\/fultra.bitaminadigital.com\/fultra\/#organization"},"alternateName":"Fultra MX","potentialAction":[{"@type":"SearchAction","target":{"@type":"EntryPoint","urlTemplate":"https:\/\/fultra.bitaminadigital.com\/fultra\/?s={search_term_string}"},"query-input":{"@type":"PropertyValueSpecification","valueRequired":true,"valueName":"search_term_string"}}],"inLanguage":"es"},{"@type":"Organization","@id":"https:\/\/fultra.bitaminadigital.com\/fultra\/#organization","name":"Fultra","url":"https:\/\/fultra.bitaminadigital.com\/fultra\/","logo":{"@type":"ImageObject","inLanguage":"es","@id":"https:\/\/fultra.bitaminadigital.com\/fultra\/#\/schema\/logo\/image\/","url":"https:\/\/fultra.bitaminadigital.com\/fultra\/wp-content\/uploads\/2025\/01\/logo-fultra-e1736518485601.webp","contentUrl":"https:\/\/fultra.bitaminadigital.com\/fultra\/wp-content\/uploads\/2025\/01\/logo-fultra-e1736518485601.webp","width":383,"height":80,"caption":"Fultra"},"image":{"@id":"https:\/\/fultra.bitaminadigital.com\/fultra\/#\/schema\/logo\/image\/"},"sameAs":["https:\/\/www.linkedin.com\/company\/fultra\/"]}]}},"_links":{"self":[{"href":"https:\/\/fultra.bitaminadigital.com\/fultra\/wp-json\/wp\/v2\/pages\/165","targetHints":{"allow":["GET"]}}],"collection":[{"href":"https:\/\/fultra.bitaminadigital.com\/fultra\/wp-json\/wp\/v2\/pages"}],"about":[{"href":"https:\/\/fultra.bitaminadigital.com\/fultra\/wp-json\/wp\/v2\/types\/page"}],"author":[{"embeddable":true,"href":"https:\/\/fultra.bitaminadigital.com\/fultra\/wp-json\/wp\/v2\/users\/1"}],"replies":[{"embeddable":true,"href":"https:\/\/fultra.bitaminadigital.com\/fultra\/wp-json\/wp\/v2\/comments?post=165"}],"version-history":[{"count":49,"href":"https:\/\/fultra.bitaminadigital.com\/fultra\/wp-json\/wp\/v2\/pages\/165\/revisions"}],"predecessor-version":[{"id":1232,"href":"https:\/\/fultra.bitaminadigital.com\/fultra\/wp-json\/wp\/v2\/pages\/165\/revisions\/1232"}],"wp:attachment":[{"href":"https:\/\/fultra.bitaminadigital.com\/fultra\/wp-json\/wp\/v2\/media?parent=165"}],"curies":[{"name":"wp","href":"https:\/\/api.w.org\/{rel}","templated":true}]}}