{"id":176,"date":"2025-01-15T07:46:46","date_gmt":"2025-01-15T07:46:46","guid":{"rendered":"https:\/\/fultra.bitaminadigital.com\/fultra\/?page_id=176"},"modified":"2025-02-25T18:28:22","modified_gmt":"2025-02-25T18:28:22","slug":"sierra-norte","status":"publish","type":"page","link":"https:\/\/fultra.bitaminadigital.com\/fultra\/sierra-norte\/","title":{"rendered":"Empresas | SIERRA NORTE"},"content":{"rendered":"\t\t<div data-elementor-type=\"wp-post\" data-elementor-id=\"176\" class=\"elementor elementor-176\" data-elementor-settings=\"{&quot;ha_cmc_init_switcher&quot;:&quot;no&quot;}\">\n\t\t\t\t<div class=\"elementor-element elementor-element-7b5819f e-con-full e-flex e-con e-parent\" data-id=\"7b5819f\" data-element_type=\"container\" data-settings=\"{&quot;background_background&quot;:&quot;classic&quot;,&quot;_ha_eqh_enable&quot;:false}\">\n\t\t\t\t<\/div>\n\t\t<div class=\"elementor-element elementor-element-b2854b2 e-con-full e-flex e-con e-parent\" data-id=\"b2854b2\" data-element_type=\"container\" data-settings=\"{&quot;_ha_eqh_enable&quot;:false}\">\n\t\t\t\t<div class=\"elementor-element elementor-element-0a6a294 elementor-widget elementor-widget-heading\" data-id=\"0a6a294\" data-element_type=\"widget\" data-widget_type=\"heading.default\">\n\t\t\t\t\t<h2 class=\"elementor-heading-title elementor-size-default\">El socio preferido del transportista en soluciones motrices<\/h2>\t\t\t\t<\/div>\n\t\t\t\t<div class=\"elementor-element elementor-element-67911cb elementor-widget elementor-widget-text-editor\" data-id=\"67911cb\" data-element_type=\"widget\" data-widget_type=\"text-editor.default\">\n\t\t\t\t\t\t\t\t\t<p><span style=\"font-weight: 400;\">Brinda soluciones de transporte de la marca International, desarrollados con la mejor tecnolog\u00eda de emisiones y ofreciendo un excelente desempe\u00f1o. Configura la unidad de acuerdo a la necesidad de la operaci\u00f3n del cliente.<\/span><\/p><p><span style=\"font-weight: 400;\">Adicionalmente, cuenta con refaccionarias multimarca, con un amplio cat\u00e1logo de marcas de refacciones de equipo original para camiones y autobuses International, as\u00ed como para unidades de otras marcas.<\/span><\/p><p><span style=\"font-weight: 400;\">Ofrece tambi\u00e9n una <\/span><b>soluci\u00f3n integral<\/b><span style=\"font-weight: 400;\"> a trav\u00e9s de sus talleres especializados y certificados por International\u00ae y por otras marcas originales, p\u00f3lizas de mantenimiento, con el compromiso de mantener las unidades siempre en movimiento.<\/span><\/p>\t\t\t\t\t\t\t\t<\/div>\n\t\t\t\t<\/div>\n\t\t<div class=\"elementor-element elementor-element-8661644 e-con-full e-flex e-con e-parent\" data-id=\"8661644\" data-element_type=\"container\" data-settings=\"{&quot;_ha_eqh_enable&quot;:false}\">\n\t\t<div class=\"elementor-element elementor-element-a635880 e-con-full e-flex e-con e-child\" data-id=\"a635880\" data-element_type=\"container\" data-settings=\"{&quot;_ha_eqh_enable&quot;:false}\">\n\t\t\t\t<div class=\"elementor-element elementor-element-de855eb elementor-widget elementor-widget-heading\" data-id=\"de855eb\" data-element_type=\"widget\" data-widget_type=\"heading.default\">\n\t\t\t\t\t<h2 class=\"elementor-heading-title elementor-size-default\">COBERTURA Y  SOLUCIONES DE SERVICIO<\/h2>\t\t\t\t<\/div>\n\t\t\t\t<div class=\"elementor-element elementor-element-4350dc7 elementor-widget-divider--view-line elementor-widget elementor-widget-divider\" data-id=\"4350dc7\" data-element_type=\"widget\" data-widget_type=\"divider.default\">\n\t\t\t\t\t\t\t<div class=\"elementor-divider\">\n\t\t\t<span class=\"elementor-divider-separator\">\n\t\t\t\t\t\t<\/span>\n\t\t<\/div>\n\t\t\t\t\t\t<\/div>\n\t\t\t\t<div class=\"elementor-element elementor-element-4089f17 elementor-widget elementor-widget-text-editor\" data-id=\"4089f17\" data-element_type=\"widget\" data-widget_type=\"text-editor.default\">\n\t\t\t\t\t\t\t\t\t<p><span style=\"font-weight: 400;\">Tiene cobertura en el Noreste y Centro del pa\u00eds con 8 sucursales donde en Tepotzotl\u00e1n, Edo de M\u00e9xico contamos con el \u201cTaller m\u00e1s grande de M\u00e9xico\u201d compuesto por 60 bah\u00edas.<\/span><\/p><p><span style=\"font-weight: 400;\">En total International-Sierra Norte cuenta con 180 bah\u00edas de servicio, 120 vendedores (unidades y refacciones) especializados en el sector, 100 t\u00e9cnicos certificados por International y en motores Cummins.<\/span><\/p>\t\t\t\t\t\t\t\t<\/div>\n\t\t\t\t<div class=\"elementor-element elementor-element-918cc2d elementor-mobile-align-justify elementor-widget elementor-widget-button\" data-id=\"918cc2d\" data-element_type=\"widget\" data-widget_type=\"button.default\">\n\t\t\t\t\t\t\t\t\t\t<a class=\"elementor-button elementor-button-link elementor-size-sm\" href=\"https:\/\/sierranorte.mx\/\" target=\"_blank\">\n\t\t\t\t\t\t<span class=\"elementor-button-content-wrapper\">\n\t\t\t\t\t\t\t\t\t<span class=\"elementor-button-text\">Visitar sitio<\/span>\n\t\t\t\t\t<\/span>\n\t\t\t\t\t<\/a>\n\t\t\t\t\t\t\t\t<\/div>\n\t\t\t\t<\/div>\n\t\t<div class=\"elementor-element elementor-element-2620d5f e-con-full e-flex e-con e-child\" data-id=\"2620d5f\" data-element_type=\"container\" data-settings=\"{&quot;background_background&quot;:&quot;slideshow&quot;,&quot;background_slideshow_gallery&quot;:[{&quot;id&quot;:394,&quot;url&quot;:&quot;https:\\\/\\\/fultra.bitaminadigital.com\\\/fultra\\\/wp-content\\\/uploads\\\/2025\\\/01\\\/sierra-norte-mantenimiento.webp&quot;}],&quot;background_slideshow_loop&quot;:&quot;yes&quot;,&quot;background_slideshow_slide_duration&quot;:5000,&quot;background_slideshow_slide_transition&quot;:&quot;fade&quot;,&quot;background_slideshow_transition_duration&quot;:500,&quot;_ha_eqh_enable&quot;:false}\">\n\t\t\t\t<\/div>\n\t\t\t\t<\/div>\n\t\t\t\t<\/div>\n\t\t","protected":false},"excerpt":{"rendered":"<p>El socio preferido del transportista en soluciones motrices Brinda soluciones de transporte de la marca International, desarrollados con la mejor tecnolog\u00eda de emisiones y ofreciendo un excelente desempe\u00f1o. Configura la unidad de acuerdo a la necesidad de la operaci\u00f3n del cliente. Adicionalmente, cuenta con refaccionarias multimarca, con un amplio cat\u00e1logo de marcas de refacciones de [&hellip;]<\/p>\n","protected":false},"author":1,"featured_media":0,"parent":0,"menu_order":0,"comment_status":"closed","ping_status":"closed","template":"","meta":{"footnotes":""},"class_list":["post-176","page","type-page","status-publish","hentry"],"yoast_head":"<!-- This site is optimized with the Yoast SEO plugin v24.5 - https:\/\/yoast.com\/wordpress\/plugins\/seo\/ -->\n<title>Sierra Norte: Tu Socio en Transporte de Carga y Pasajeros<\/title>\n<meta name=\"description\" content=\"Sierra Norte: distribuidor de camiones y autobuses International en M\u00e9xico, ofreciendo venta, refacciones multimarca y talleres certificados.\" \/>\n<meta name=\"robots\" content=\"index, follow, max-snippet:-1, max-image-preview:large, max-video-preview:-1\" \/>\n<link rel=\"canonical\" href=\"https:\/\/fultra.bitaminadigital.com\/fultra\/sierra-norte\/\" \/>\n<meta property=\"og:locale\" content=\"es_MX\" \/>\n<meta property=\"og:type\" content=\"article\" \/>\n<meta property=\"og:title\" content=\"Sierra Norte: Tu Socio en Transporte de Carga y Pasajeros\" \/>\n<meta property=\"og:description\" content=\"Sierra Norte: distribuidor de camiones y autobuses International en M\u00e9xico, ofreciendo venta, refacciones multimarca y talleres certificados.\" \/>\n<meta property=\"og:url\" content=\"https:\/\/fultra.bitaminadigital.com\/fultra\/sierra-norte\/\" \/>\n<meta property=\"og:site_name\" content=\"Fultra\" \/>\n<meta property=\"article:modified_time\" content=\"2025-02-25T18:28:22+00:00\" \/>\n<meta property=\"og:image\" content=\"https:\/\/fultra.bitaminadigital.com\/fultra\/wp-content\/uploads\/2025\/01\/logo-fultra-e1736518485601.webp\" \/>\n\t<meta property=\"og:image:width\" content=\"383\" \/>\n\t<meta property=\"og:image:height\" content=\"80\" \/>\n\t<meta property=\"og:image:type\" content=\"image\/webp\" \/>\n<meta name=\"twitter:card\" content=\"summary_large_image\" \/>\n<script type=\"application\/ld+json\" class=\"yoast-schema-graph\">{\"@context\":\"https:\/\/schema.org\",\"@graph\":[{\"@type\":\"WebPage\",\"@id\":\"https:\/\/fultra.bitaminadigital.com\/fultra\/sierra-norte\/\",\"url\":\"https:\/\/fultra.bitaminadigital.com\/fultra\/sierra-norte\/\",\"name\":\"Sierra Norte: Tu Socio en Transporte de Carga y Pasajeros\",\"isPartOf\":{\"@id\":\"https:\/\/fultra.bitaminadigital.com\/fultra\/#website\"},\"datePublished\":\"2025-01-15T07:46:46+00:00\",\"dateModified\":\"2025-02-25T18:28:22+00:00\",\"description\":\"Sierra Norte: distribuidor de camiones y autobuses International en M\u00e9xico, ofreciendo venta, refacciones multimarca y talleres certificados.\",\"breadcrumb\":{\"@id\":\"https:\/\/fultra.bitaminadigital.com\/fultra\/sierra-norte\/#breadcrumb\"},\"inLanguage\":\"es\",\"potentialAction\":[{\"@type\":\"ReadAction\",\"target\":[\"https:\/\/fultra.bitaminadigital.com\/fultra\/sierra-norte\/\"]}]},{\"@type\":\"BreadcrumbList\",\"@id\":\"https:\/\/fultra.bitaminadigital.com\/fultra\/sierra-norte\/#breadcrumb\",\"itemListElement\":[{\"@type\":\"ListItem\",\"position\":1,\"name\":\"Inicio\",\"item\":\"https:\/\/fultra.bitaminadigital.com\/fultra\/\"},{\"@type\":\"ListItem\",\"position\":2,\"name\":\"Empresas | SIERRA NORTE\"}]},{\"@type\":\"WebSite\",\"@id\":\"https:\/\/fultra.bitaminadigital.com\/fultra\/#website\",\"url\":\"https:\/\/fultra.bitaminadigital.com\/fultra\/\",\"name\":\"Fultra\",\"description\":\"Soluciones al transporte\",\"publisher\":{\"@id\":\"https:\/\/fultra.bitaminadigital.com\/fultra\/#organization\"},\"alternateName\":\"Fultra MX\",\"potentialAction\":[{\"@type\":\"SearchAction\",\"target\":{\"@type\":\"EntryPoint\",\"urlTemplate\":\"https:\/\/fultra.bitaminadigital.com\/fultra\/?s={search_term_string}\"},\"query-input\":{\"@type\":\"PropertyValueSpecification\",\"valueRequired\":true,\"valueName\":\"search_term_string\"}}],\"inLanguage\":\"es\"},{\"@type\":\"Organization\",\"@id\":\"https:\/\/fultra.bitaminadigital.com\/fultra\/#organization\",\"name\":\"Fultra\",\"url\":\"https:\/\/fultra.bitaminadigital.com\/fultra\/\",\"logo\":{\"@type\":\"ImageObject\",\"inLanguage\":\"es\",\"@id\":\"https:\/\/fultra.bitaminadigital.com\/fultra\/#\/schema\/logo\/image\/\",\"url\":\"https:\/\/fultra.bitaminadigital.com\/fultra\/wp-content\/uploads\/2025\/01\/logo-fultra-e1736518485601.webp\",\"contentUrl\":\"https:\/\/fultra.bitaminadigital.com\/fultra\/wp-content\/uploads\/2025\/01\/logo-fultra-e1736518485601.webp\",\"width\":383,\"height\":80,\"caption\":\"Fultra\"},\"image\":{\"@id\":\"https:\/\/fultra.bitaminadigital.com\/fultra\/#\/schema\/logo\/image\/\"},\"sameAs\":[\"https:\/\/www.linkedin.com\/company\/fultra\/\"]}]}<\/script>\n<!-- \/ Yoast SEO plugin. -->","yoast_head_json":{"title":"Sierra Norte: Tu Socio en Transporte de Carga y Pasajeros","description":"Sierra Norte: distribuidor de camiones y autobuses International en M\u00e9xico, ofreciendo venta, refacciones multimarca y talleres certificados.","robots":{"index":"index","follow":"follow","max-snippet":"max-snippet:-1","max-image-preview":"max-image-preview:large","max-video-preview":"max-video-preview:-1"},"canonical":"https:\/\/fultra.bitaminadigital.com\/fultra\/sierra-norte\/","og_locale":"es_MX","og_type":"article","og_title":"Sierra Norte: Tu Socio en Transporte de Carga y Pasajeros","og_description":"Sierra Norte: distribuidor de camiones y autobuses International en M\u00e9xico, ofreciendo venta, refacciones multimarca y talleres certificados.","og_url":"https:\/\/fultra.bitaminadigital.com\/fultra\/sierra-norte\/","og_site_name":"Fultra","article_modified_time":"2025-02-25T18:28:22+00:00","og_image":[{"width":383,"height":80,"url":"https:\/\/fultra.bitaminadigital.com\/fultra\/wp-content\/uploads\/2025\/01\/logo-fultra-e1736518485601.webp","type":"image\/webp"}],"twitter_card":"summary_large_image","schema":{"@context":"https:\/\/schema.org","@graph":[{"@type":"WebPage","@id":"https:\/\/fultra.bitaminadigital.com\/fultra\/sierra-norte\/","url":"https:\/\/fultra.bitaminadigital.com\/fultra\/sierra-norte\/","name":"Sierra Norte: Tu Socio en Transporte de Carga y Pasajeros","isPartOf":{"@id":"https:\/\/fultra.bitaminadigital.com\/fultra\/#website"},"datePublished":"2025-01-15T07:46:46+00:00","dateModified":"2025-02-25T18:28:22+00:00","description":"Sierra Norte: distribuidor de camiones y autobuses International en M\u00e9xico, ofreciendo venta, refacciones multimarca y talleres certificados.","breadcrumb":{"@id":"https:\/\/fultra.bitaminadigital.com\/fultra\/sierra-norte\/#breadcrumb"},"inLanguage":"es","potentialAction":[{"@type":"ReadAction","target":["https:\/\/fultra.bitaminadigital.com\/fultra\/sierra-norte\/"]}]},{"@type":"BreadcrumbList","@id":"https:\/\/fultra.bitaminadigital.com\/fultra\/sierra-norte\/#breadcrumb","itemListElement":[{"@type":"ListItem","position":1,"name":"Inicio","item":"https:\/\/fultra.bitaminadigital.com\/fultra\/"},{"@type":"ListItem","position":2,"name":"Empresas | SIERRA NORTE"}]},{"@type":"WebSite","@id":"https:\/\/fultra.bitaminadigital.com\/fultra\/#website","url":"https:\/\/fultra.bitaminadigital.com\/fultra\/","name":"Fultra","description":"Soluciones al transporte","publisher":{"@id":"https:\/\/fultra.bitaminadigital.com\/fultra\/#organization"},"alternateName":"Fultra MX","potentialAction":[{"@type":"SearchAction","target":{"@type":"EntryPoint","urlTemplate":"https:\/\/fultra.bitaminadigital.com\/fultra\/?s={search_term_string}"},"query-input":{"@type":"PropertyValueSpecification","valueRequired":true,"valueName":"search_term_string"}}],"inLanguage":"es"},{"@type":"Organization","@id":"https:\/\/fultra.bitaminadigital.com\/fultra\/#organization","name":"Fultra","url":"https:\/\/fultra.bitaminadigital.com\/fultra\/","logo":{"@type":"ImageObject","inLanguage":"es","@id":"https:\/\/fultra.bitaminadigital.com\/fultra\/#\/schema\/logo\/image\/","url":"https:\/\/fultra.bitaminadigital.com\/fultra\/wp-content\/uploads\/2025\/01\/logo-fultra-e1736518485601.webp","contentUrl":"https:\/\/fultra.bitaminadigital.com\/fultra\/wp-content\/uploads\/2025\/01\/logo-fultra-e1736518485601.webp","width":383,"height":80,"caption":"Fultra"},"image":{"@id":"https:\/\/fultra.bitaminadigital.com\/fultra\/#\/schema\/logo\/image\/"},"sameAs":["https:\/\/www.linkedin.com\/company\/fultra\/"]}]}},"_links":{"self":[{"href":"https:\/\/fultra.bitaminadigital.com\/fultra\/wp-json\/wp\/v2\/pages\/176","targetHints":{"allow":["GET"]}}],"collection":[{"href":"https:\/\/fultra.bitaminadigital.com\/fultra\/wp-json\/wp\/v2\/pages"}],"about":[{"href":"https:\/\/fultra.bitaminadigital.com\/fultra\/wp-json\/wp\/v2\/types\/page"}],"author":[{"embeddable":true,"href":"https:\/\/fultra.bitaminadigital.com\/fultra\/wp-json\/wp\/v2\/users\/1"}],"replies":[{"embeddable":true,"href":"https:\/\/fultra.bitaminadigital.com\/fultra\/wp-json\/wp\/v2\/comments?post=176"}],"version-history":[{"count":40,"href":"https:\/\/fultra.bitaminadigital.com\/fultra\/wp-json\/wp\/v2\/pages\/176\/revisions"}],"predecessor-version":[{"id":1229,"href":"https:\/\/fultra.bitaminadigital.com\/fultra\/wp-json\/wp\/v2\/pages\/176\/revisions\/1229"}],"wp:attachment":[{"href":"https:\/\/fultra.bitaminadigital.com\/fultra\/wp-json\/wp\/v2\/media?parent=176"}],"curies":[{"name":"wp","href":"https:\/\/api.w.org\/{rel}","templated":true}]}}