{"id":264,"date":"2025-01-15T14:09:42","date_gmt":"2025-01-15T14:09:42","guid":{"rendered":"https:\/\/fultra.bitaminadigital.com\/fultra\/?page_id=264"},"modified":"2025-02-25T18:23:19","modified_gmt":"2025-02-25T18:23:19","slug":"mantenimiento","status":"publish","type":"page","link":"https:\/\/fultra.bitaminadigital.com\/fultra\/mantenimiento\/","title":{"rendered":"Soluciones | Mantenimiento"},"content":{"rendered":"\t\t<div data-elementor-type=\"wp-post\" data-elementor-id=\"264\" class=\"elementor elementor-264\" data-elementor-settings=\"{&quot;ha_cmc_init_switcher&quot;:&quot;no&quot;}\">\n\t\t\t\t<div class=\"elementor-element elementor-element-7b5819f e-con-full e-flex e-con e-parent\" data-id=\"7b5819f\" data-element_type=\"container\" data-settings=\"{&quot;background_background&quot;:&quot;classic&quot;,&quot;_ha_eqh_enable&quot;:false}\">\n\t\t\t\t<\/div>\n\t\t<div class=\"elementor-element elementor-element-8661644 e-con-full e-flex e-con e-parent\" data-id=\"8661644\" data-element_type=\"container\" data-settings=\"{&quot;_ha_eqh_enable&quot;:false}\">\n\t\t<div class=\"elementor-element elementor-element-a635880 e-con-full e-flex e-con e-child\" data-id=\"a635880\" data-element_type=\"container\" data-settings=\"{&quot;_ha_eqh_enable&quot;:false}\">\n\t\t\t\t<div class=\"elementor-element elementor-element-68e9809 elementor-widget elementor-widget-heading\" data-id=\"68e9809\" data-element_type=\"widget\" data-widget_type=\"heading.default\">\n\t\t\t\t\t<h2 class=\"elementor-heading-title elementor-size-default\">El socio preferido en servicio de mantenimiento integral<\/h2>\t\t\t\t<\/div>\n\t\t\t\t<div class=\"elementor-element elementor-element-61262da elementor-widget-divider--view-line elementor-widget elementor-widget-divider\" data-id=\"61262da\" data-element_type=\"widget\" data-widget_type=\"divider.default\">\n\t\t\t\t\t\t\t<div class=\"elementor-divider\">\n\t\t\t<span class=\"elementor-divider-separator\">\n\t\t\t\t\t\t<\/span>\n\t\t<\/div>\n\t\t\t\t\t\t<\/div>\n\t\t\t\t<div class=\"elementor-element elementor-element-4089f17 elementor-widget elementor-widget-text-editor\" data-id=\"4089f17\" data-element_type=\"widget\" data-widget_type=\"text-editor.default\">\n\t\t\t\t\t\t\t\t\t<p><span style=\"font-weight: 400;\">A trav\u00e9s de <strong>FULTRA SOLUCIONES<\/strong>, nuestros talleres se asegurar\u00e1n que tu flota de camiones y\/o remolques no se detengan, contamos con 170 bah\u00edas de servicio ubicados en zona noreste y zona centro del pa\u00eds, equipados con la tecnolog\u00eda de vanguardia para el diagn\u00f3stico adecuado y con las herramientas especializadas para dejarlos de vuelta a su ruta.<\/span><\/p><p><span style=\"font-weight: 400;\">Queremos ser tu mejor socio en servicio de mantenimiento integral, es por ello, que te ofrecemos:<\/span><\/p>\t\t\t\t\t\t\t\t<\/div>\n\t\t<div class=\"elementor-element elementor-element-3f5297f e-grid e-con-full e-con e-child\" data-id=\"3f5297f\" data-element_type=\"container\" data-settings=\"{&quot;background_background&quot;:&quot;classic&quot;,&quot;_ha_eqh_enable&quot;:false}\">\n\t\t\t\t<div class=\"elementor-element elementor-element-5c0f643 elementor-view-default elementor-position-top elementor-mobile-position-top elementor-widget elementor-widget-icon-box\" data-id=\"5c0f643\" data-element_type=\"widget\" data-widget_type=\"icon-box.default\">\n\t\t\t\t\t\t\t<div class=\"elementor-icon-box-wrapper\">\n\n\t\t\t\t\t\t<div class=\"elementor-icon-box-icon\">\n\t\t\t\t<span  class=\"elementor-icon\">\n\t\t\t\t<i aria-hidden=\"true\" class=\"huge huge-wrench-01\"><\/i>\t\t\t\t<\/span>\n\t\t\t<\/div>\n\t\t\t\n\t\t\t\t\t\t<div class=\"elementor-icon-box-content\">\n\n\t\t\t\t\n\t\t\t\t\t\t\t\t\t<p class=\"elementor-icon-box-description\">\n\t\t\t\t\t\tMano de obra capacitada y certificada multimarca.\t\t\t\t\t<\/p>\n\t\t\t\t\n\t\t\t<\/div>\n\t\t\t\n\t\t<\/div>\n\t\t\t\t\t\t<\/div>\n\t\t\t\t<div class=\"elementor-element elementor-element-ec9bded elementor-view-default elementor-position-top elementor-mobile-position-top elementor-widget elementor-widget-icon-box\" data-id=\"ec9bded\" data-element_type=\"widget\" data-widget_type=\"icon-box.default\">\n\t\t\t\t\t\t\t<div class=\"elementor-icon-box-wrapper\">\n\n\t\t\t\t\t\t<div class=\"elementor-icon-box-icon\">\n\t\t\t\t<span  class=\"elementor-icon\">\n\t\t\t\t<i aria-hidden=\"true\" class=\"huge huge-truck\"><\/i>\t\t\t\t<\/span>\n\t\t\t<\/div>\n\t\t\t\n\t\t\t\t\t\t<div class=\"elementor-icon-box-content\">\n\n\t\t\t\t\n\t\t\t\t\t\t\t\t\t<p class=\"elementor-icon-box-description\">\n\t\t\t\t\t\tProveedores de refacciones multimarca.\t\t\t\t\t<\/p>\n\t\t\t\t\n\t\t\t<\/div>\n\t\t\t\n\t\t<\/div>\n\t\t\t\t\t\t<\/div>\n\t\t\t\t<div class=\"elementor-element elementor-element-7ecbe94 elementor-view-default elementor-position-top elementor-mobile-position-top elementor-widget elementor-widget-icon-box\" data-id=\"7ecbe94\" data-element_type=\"widget\" data-widget_type=\"icon-box.default\">\n\t\t\t\t\t\t\t<div class=\"elementor-icon-box-wrapper\">\n\n\t\t\t\t\t\t<div class=\"elementor-icon-box-icon\">\n\t\t\t\t<span  class=\"elementor-icon\">\n\t\t\t\t<i aria-hidden=\"true\" class=\"huge huge-dashboard-speed-01\"><\/i>\t\t\t\t<\/span>\n\t\t\t<\/div>\n\t\t\t\n\t\t\t\t\t\t<div class=\"elementor-icon-box-content\">\n\n\t\t\t\t\n\t\t\t\t\t\t\t\t\t<p class=\"elementor-icon-box-description\">\n\t\t\t\t\t\tVanguardia Tecnolog\u00eda de controles e indicadores en l\u00ednea.\t\t\t\t\t<\/p>\n\t\t\t\t\n\t\t\t<\/div>\n\t\t\t\n\t\t<\/div>\n\t\t\t\t\t\t<\/div>\n\t\t\t\t<div class=\"elementor-element elementor-element-d235789 elementor-view-default elementor-position-top elementor-mobile-position-top elementor-widget elementor-widget-icon-box\" data-id=\"d235789\" data-element_type=\"widget\" data-widget_type=\"icon-box.default\">\n\t\t\t\t\t\t\t<div class=\"elementor-icon-box-wrapper\">\n\n\t\t\t\t\t\t<div class=\"elementor-icon-box-icon\">\n\t\t\t\t<span  class=\"elementor-icon\">\n\t\t\t\t<i aria-hidden=\"true\" class=\"jki jki-tools-solid\"><\/i>\t\t\t\t<\/span>\n\t\t\t<\/div>\n\t\t\t\n\t\t\t\t\t\t<div class=\"elementor-icon-box-content\">\n\n\t\t\t\t\n\t\t\t\t\t\t\t\t\t<p class=\"elementor-icon-box-description\">\n\t\t\t\t\t\tAlianza con talleres externos.\t\t\t\t\t<\/p>\n\t\t\t\t\n\t\t\t<\/div>\n\t\t\t\n\t\t<\/div>\n\t\t\t\t\t\t<\/div>\n\t\t\t\t<div class=\"elementor-element elementor-element-a6da218 elementor-view-default elementor-position-top elementor-mobile-position-top elementor-widget elementor-widget-icon-box\" data-id=\"a6da218\" data-element_type=\"widget\" data-widget_type=\"icon-box.default\">\n\t\t\t\t\t\t\t<div class=\"elementor-icon-box-wrapper\">\n\n\t\t\t\t\t\t<div class=\"elementor-icon-box-icon\">\n\t\t\t\t<span  class=\"elementor-icon\">\n\t\t\t\t<i aria-hidden=\"true\" class=\"jki jki-save-money-light\"><\/i>\t\t\t\t<\/span>\n\t\t\t<\/div>\n\t\t\t\n\t\t\t\t\t\t<div class=\"elementor-icon-box-content\">\n\n\t\t\t\t\n\t\t\t\t\t\t\t\t\t<p class=\"elementor-icon-box-description\">\n\t\t\t\t\t\tOptimizaci\u00f3n del Costo de operaci\u00f3n.\t\t\t\t\t<\/p>\n\t\t\t\t\n\t\t\t<\/div>\n\t\t\t\n\t\t<\/div>\n\t\t\t\t\t\t<\/div>\n\t\t\t\t<div class=\"elementor-element elementor-element-1a177fd elementor-widget elementor-widget-spacer\" data-id=\"1a177fd\" data-element_type=\"widget\" data-widget_type=\"spacer.default\">\n\t\t\t\t\t\t\t<div class=\"elementor-spacer\">\n\t\t\t<div class=\"elementor-spacer-inner\"><\/div>\n\t\t<\/div>\n\t\t\t\t\t\t<\/div>\n\t\t\t\t<\/div>\n\t\t\t\t<\/div>\n\t\t<div class=\"elementor-element elementor-element-2620d5f e-con-full e-flex e-con e-child\" data-id=\"2620d5f\" data-element_type=\"container\" data-settings=\"{&quot;background_background&quot;:&quot;slideshow&quot;,&quot;background_slideshow_gallery&quot;:[{&quot;id&quot;:711,&quot;url&quot;:&quot;https:\\\/\\\/fultra.bitaminadigital.com\\\/fultra\\\/wp-content\\\/uploads\\\/2025\\\/02\\\/fultra-taller-de-mantenimiento.webp&quot;}],&quot;background_slideshow_loop&quot;:&quot;yes&quot;,&quot;background_slideshow_slide_duration&quot;:5000,&quot;background_slideshow_slide_transition&quot;:&quot;fade&quot;,&quot;background_slideshow_transition_duration&quot;:500,&quot;_ha_eqh_enable&quot;:false}\">\n\t\t\t\t<\/div>\n\t\t\t\t<\/div>\n\t\t<div class=\"elementor-element elementor-element-793c8ca e-con-full e-flex e-con e-parent\" data-id=\"793c8ca\" data-element_type=\"container\" data-settings=\"{&quot;background_background&quot;:&quot;classic&quot;,&quot;_ha_eqh_enable&quot;:false}\">\n\t\t<div class=\"elementor-element elementor-element-bd82f3a e-con-full e-flex e-con e-child\" data-id=\"bd82f3a\" data-element_type=\"container\" data-settings=\"{&quot;background_background&quot;:&quot;slideshow&quot;,&quot;background_slideshow_gallery&quot;:[{&quot;id&quot;:372,&quot;url&quot;:&quot;https:\\\/\\\/fultra.bitaminadigital.com\\\/fultra\\\/wp-content\\\/uploads\\\/2025\\\/01\\\/soluciones-fultra-mantenimiento.webp&quot;}],&quot;background_slideshow_loop&quot;:&quot;yes&quot;,&quot;background_slideshow_slide_duration&quot;:5000,&quot;background_slideshow_slide_transition&quot;:&quot;fade&quot;,&quot;background_slideshow_transition_duration&quot;:500,&quot;_ha_eqh_enable&quot;:false}\">\n\t\t\t\t<\/div>\n\t\t<div class=\"elementor-element elementor-element-4aa4297 e-con-full e-flex e-con e-child\" data-id=\"4aa4297\" data-element_type=\"container\" data-settings=\"{&quot;_ha_eqh_enable&quot;:false}\">\n\t\t\t\t<div class=\"elementor-element elementor-element-d56a71c elementor-widget elementor-widget-heading\" data-id=\"d56a71c\" data-element_type=\"widget\" data-widget_type=\"heading.default\">\n\t\t\t\t\t<h2 class=\"elementor-heading-title elementor-size-default\">Nuestras soluciones de servicio son:<\/h2>\t\t\t\t<\/div>\n\t\t\t\t<div class=\"elementor-element elementor-element-04017db elementor-widget elementor-widget-text-editor\" data-id=\"04017db\" data-element_type=\"widget\" data-widget_type=\"text-editor.default\">\n\t\t\t\t\t\t\t\t\t<ol><li style=\"font-weight: 400;\" aria-level=\"1\"><span style=\"font-weight: 400;\">Servicio de mantenimiento preventivo programados y dise\u00f1ados por tipo de veh\u00edculo<\/span><span style=\"font-weight: 400;\"><br \/><\/span><\/li><li style=\"font-weight: 400;\" aria-level=\"1\"><span style=\"font-weight: 400;\">Servicio de mantenimiento correctivo realizados de forma \u00e1gil y eficiente<\/span><span style=\"font-weight: 400;\"><br \/><\/span><\/li><li style=\"font-weight: 400;\" aria-level=\"1\"><span style=\"font-weight: 400;\">Reparaci\u00f3n general de componentes mayores \u201cmotores, transmisiones, <\/span> <span style=\"font-weight: 400;\">diferenciales, sistemas de frenos, sistemas en general del cami\u00f3n y reparaci\u00f3n en general de los sistemas del remolque\u201d<\/span><span style=\"font-weight: 400;\"><br \/><\/span><\/li><li style=\"font-weight: 400;\" aria-level=\"1\"><span style=\"font-weight: 400;\">Diagn\u00f3stico por computadora de todos los sistemas electr\u00f3nicos de la unidad.<\/span><span style=\"font-weight: 400;\"><br \/><\/span><\/li><li style=\"font-weight: 400;\" aria-level=\"1\"><span style=\"font-weight: 400;\">Especialistas en programaci\u00f3n de par\u00e1metros del ECM.<\/span><span style=\"font-weight: 400;\"><br \/><\/span><\/li><li style=\"font-weight: 400;\" aria-level=\"1\"><span style=\"font-weight: 400;\">Sistema el\u00e9ctrico Diamond Logic.<\/span><\/li><li style=\"font-weight: 400;\" aria-level=\"1\"><span style=\"font-weight: 400;\">Revisi\u00f3n de rendimiento de combustible.<\/span><span style=\"font-weight: 400;\"><br \/><\/span><\/li><li style=\"font-weight: 400;\" aria-level=\"1\"><span style=\"font-weight: 400;\">Cobertura de garant\u00edas<\/span><span style=\"font-weight: 400;\"><br \/><\/span><\/li><li style=\"font-weight: 400;\" aria-level=\"1\"><span style=\"font-weight: 400;\">Taller de colisi\u00f3n (body shop)<\/span><span style=\"font-weight: 400;\"><br \/><\/span><\/li><li style=\"font-weight: 400;\" aria-level=\"1\"><span style=\"font-weight: 400;\">Rescate carretero 365 d\u00edas del a\u00f1o, las 24 horas del d\u00eda.<\/span><span style=\"font-weight: 400;\"><br \/><\/span><\/li><li style=\"font-weight: 400;\" aria-level=\"1\"><span style=\"font-weight: 400;\">Servicio dedicado<\/span><span style=\"font-weight: 400;\"><br \/><\/span><\/li><li style=\"font-weight: 400;\" aria-level=\"1\"><span style=\"font-weight: 400;\">Integraci\u00f3n con talleres de equipo aliado<\/span><\/li><\/ol>\t\t\t\t\t\t\t\t<\/div>\n\t\t\t\t<\/div>\n\t\t\t\t<\/div>\n\t\t\t\t<\/div>\n\t\t","protected":false},"excerpt":{"rendered":"<p>El socio preferido en servicio de mantenimiento integral A trav\u00e9s de FULTRA SOLUCIONES, nuestros talleres se asegurar\u00e1n que tu flota de camiones y\/o remolques no se detengan, contamos con 170 bah\u00edas de servicio ubicados en zona noreste y zona centro del pa\u00eds, equipados con la tecnolog\u00eda de vanguardia para el diagn\u00f3stico adecuado y con las [&hellip;]<\/p>\n","protected":false},"author":1,"featured_media":0,"parent":0,"menu_order":0,"comment_status":"closed","ping_status":"closed","template":"","meta":{"footnotes":""},"class_list":["post-264","page","type-page","status-publish","hentry"],"yoast_head":"<!-- This site is optimized with the Yoast SEO plugin v24.5 - https:\/\/yoast.com\/wordpress\/plugins\/seo\/ -->\n<title>Servicios preventivos y correctivos especializados<\/title>\n<meta name=\"description\" content=\"ultra ofrece mantenimiento integral para flotas de camiones y remolques, con 170 bah\u00edas de servicio en M\u00e9xico, tecnolog\u00eda avanzada y personal certificado.\" \/>\n<meta name=\"robots\" content=\"index, follow, max-snippet:-1, max-image-preview:large, max-video-preview:-1\" \/>\n<link rel=\"canonical\" href=\"https:\/\/fultra.bitaminadigital.com\/fultra\/mantenimiento\/\" \/>\n<meta property=\"og:locale\" content=\"es_MX\" \/>\n<meta property=\"og:type\" content=\"article\" \/>\n<meta property=\"og:title\" content=\"Servicios preventivos y correctivos especializados\" \/>\n<meta property=\"og:description\" content=\"ultra ofrece mantenimiento integral para flotas de camiones y remolques, con 170 bah\u00edas de servicio en M\u00e9xico, tecnolog\u00eda avanzada y personal certificado.\" \/>\n<meta property=\"og:url\" content=\"https:\/\/fultra.bitaminadigital.com\/fultra\/mantenimiento\/\" \/>\n<meta property=\"og:site_name\" content=\"Fultra\" \/>\n<meta property=\"article:modified_time\" content=\"2025-02-25T18:23:19+00:00\" \/>\n<meta property=\"og:image\" content=\"https:\/\/fultra.bitaminadigital.com\/fultra\/wp-content\/uploads\/2025\/01\/logo-fultra-e1736518485601.webp\" \/>\n\t<meta property=\"og:image:width\" content=\"383\" \/>\n\t<meta property=\"og:image:height\" content=\"80\" \/>\n\t<meta property=\"og:image:type\" content=\"image\/webp\" \/>\n<meta name=\"twitter:card\" content=\"summary_large_image\" \/>\n<script type=\"application\/ld+json\" class=\"yoast-schema-graph\">{\"@context\":\"https:\/\/schema.org\",\"@graph\":[{\"@type\":\"WebPage\",\"@id\":\"https:\/\/fultra.bitaminadigital.com\/fultra\/mantenimiento\/\",\"url\":\"https:\/\/fultra.bitaminadigital.com\/fultra\/mantenimiento\/\",\"name\":\"Servicios preventivos y correctivos especializados\",\"isPartOf\":{\"@id\":\"https:\/\/fultra.bitaminadigital.com\/fultra\/#website\"},\"datePublished\":\"2025-01-15T14:09:42+00:00\",\"dateModified\":\"2025-02-25T18:23:19+00:00\",\"description\":\"ultra ofrece mantenimiento integral para flotas de camiones y remolques, con 170 bah\u00edas de servicio en M\u00e9xico, tecnolog\u00eda avanzada y personal certificado.\",\"breadcrumb\":{\"@id\":\"https:\/\/fultra.bitaminadigital.com\/fultra\/mantenimiento\/#breadcrumb\"},\"inLanguage\":\"es\",\"potentialAction\":[{\"@type\":\"ReadAction\",\"target\":[\"https:\/\/fultra.bitaminadigital.com\/fultra\/mantenimiento\/\"]}]},{\"@type\":\"BreadcrumbList\",\"@id\":\"https:\/\/fultra.bitaminadigital.com\/fultra\/mantenimiento\/#breadcrumb\",\"itemListElement\":[{\"@type\":\"ListItem\",\"position\":1,\"name\":\"Inicio\",\"item\":\"https:\/\/fultra.bitaminadigital.com\/fultra\/\"},{\"@type\":\"ListItem\",\"position\":2,\"name\":\"Soluciones | Mantenimiento\"}]},{\"@type\":\"WebSite\",\"@id\":\"https:\/\/fultra.bitaminadigital.com\/fultra\/#website\",\"url\":\"https:\/\/fultra.bitaminadigital.com\/fultra\/\",\"name\":\"Fultra\",\"description\":\"Soluciones al transporte\",\"publisher\":{\"@id\":\"https:\/\/fultra.bitaminadigital.com\/fultra\/#organization\"},\"alternateName\":\"Fultra MX\",\"potentialAction\":[{\"@type\":\"SearchAction\",\"target\":{\"@type\":\"EntryPoint\",\"urlTemplate\":\"https:\/\/fultra.bitaminadigital.com\/fultra\/?s={search_term_string}\"},\"query-input\":{\"@type\":\"PropertyValueSpecification\",\"valueRequired\":true,\"valueName\":\"search_term_string\"}}],\"inLanguage\":\"es\"},{\"@type\":\"Organization\",\"@id\":\"https:\/\/fultra.bitaminadigital.com\/fultra\/#organization\",\"name\":\"Fultra\",\"url\":\"https:\/\/fultra.bitaminadigital.com\/fultra\/\",\"logo\":{\"@type\":\"ImageObject\",\"inLanguage\":\"es\",\"@id\":\"https:\/\/fultra.bitaminadigital.com\/fultra\/#\/schema\/logo\/image\/\",\"url\":\"https:\/\/fultra.bitaminadigital.com\/fultra\/wp-content\/uploads\/2025\/01\/logo-fultra-e1736518485601.webp\",\"contentUrl\":\"https:\/\/fultra.bitaminadigital.com\/fultra\/wp-content\/uploads\/2025\/01\/logo-fultra-e1736518485601.webp\",\"width\":383,\"height\":80,\"caption\":\"Fultra\"},\"image\":{\"@id\":\"https:\/\/fultra.bitaminadigital.com\/fultra\/#\/schema\/logo\/image\/\"},\"sameAs\":[\"https:\/\/www.linkedin.com\/company\/fultra\/\"]}]}<\/script>\n<!-- \/ Yoast SEO plugin. -->","yoast_head_json":{"title":"Servicios preventivos y correctivos especializados","description":"ultra ofrece mantenimiento integral para flotas de camiones y remolques, con 170 bah\u00edas de servicio en M\u00e9xico, tecnolog\u00eda avanzada y personal certificado.","robots":{"index":"index","follow":"follow","max-snippet":"max-snippet:-1","max-image-preview":"max-image-preview:large","max-video-preview":"max-video-preview:-1"},"canonical":"https:\/\/fultra.bitaminadigital.com\/fultra\/mantenimiento\/","og_locale":"es_MX","og_type":"article","og_title":"Servicios preventivos y correctivos especializados","og_description":"ultra ofrece mantenimiento integral para flotas de camiones y remolques, con 170 bah\u00edas de servicio en M\u00e9xico, tecnolog\u00eda avanzada y personal certificado.","og_url":"https:\/\/fultra.bitaminadigital.com\/fultra\/mantenimiento\/","og_site_name":"Fultra","article_modified_time":"2025-02-25T18:23:19+00:00","og_image":[{"width":383,"height":80,"url":"https:\/\/fultra.bitaminadigital.com\/fultra\/wp-content\/uploads\/2025\/01\/logo-fultra-e1736518485601.webp","type":"image\/webp"}],"twitter_card":"summary_large_image","schema":{"@context":"https:\/\/schema.org","@graph":[{"@type":"WebPage","@id":"https:\/\/fultra.bitaminadigital.com\/fultra\/mantenimiento\/","url":"https:\/\/fultra.bitaminadigital.com\/fultra\/mantenimiento\/","name":"Servicios preventivos y correctivos especializados","isPartOf":{"@id":"https:\/\/fultra.bitaminadigital.com\/fultra\/#website"},"datePublished":"2025-01-15T14:09:42+00:00","dateModified":"2025-02-25T18:23:19+00:00","description":"ultra ofrece mantenimiento integral para flotas de camiones y remolques, con 170 bah\u00edas de servicio en M\u00e9xico, tecnolog\u00eda avanzada y personal certificado.","breadcrumb":{"@id":"https:\/\/fultra.bitaminadigital.com\/fultra\/mantenimiento\/#breadcrumb"},"inLanguage":"es","potentialAction":[{"@type":"ReadAction","target":["https:\/\/fultra.bitaminadigital.com\/fultra\/mantenimiento\/"]}]},{"@type":"BreadcrumbList","@id":"https:\/\/fultra.bitaminadigital.com\/fultra\/mantenimiento\/#breadcrumb","itemListElement":[{"@type":"ListItem","position":1,"name":"Inicio","item":"https:\/\/fultra.bitaminadigital.com\/fultra\/"},{"@type":"ListItem","position":2,"name":"Soluciones | Mantenimiento"}]},{"@type":"WebSite","@id":"https:\/\/fultra.bitaminadigital.com\/fultra\/#website","url":"https:\/\/fultra.bitaminadigital.com\/fultra\/","name":"Fultra","description":"Soluciones al transporte","publisher":{"@id":"https:\/\/fultra.bitaminadigital.com\/fultra\/#organization"},"alternateName":"Fultra MX","potentialAction":[{"@type":"SearchAction","target":{"@type":"EntryPoint","urlTemplate":"https:\/\/fultra.bitaminadigital.com\/fultra\/?s={search_term_string}"},"query-input":{"@type":"PropertyValueSpecification","valueRequired":true,"valueName":"search_term_string"}}],"inLanguage":"es"},{"@type":"Organization","@id":"https:\/\/fultra.bitaminadigital.com\/fultra\/#organization","name":"Fultra","url":"https:\/\/fultra.bitaminadigital.com\/fultra\/","logo":{"@type":"ImageObject","inLanguage":"es","@id":"https:\/\/fultra.bitaminadigital.com\/fultra\/#\/schema\/logo\/image\/","url":"https:\/\/fultra.bitaminadigital.com\/fultra\/wp-content\/uploads\/2025\/01\/logo-fultra-e1736518485601.webp","contentUrl":"https:\/\/fultra.bitaminadigital.com\/fultra\/wp-content\/uploads\/2025\/01\/logo-fultra-e1736518485601.webp","width":383,"height":80,"caption":"Fultra"},"image":{"@id":"https:\/\/fultra.bitaminadigital.com\/fultra\/#\/schema\/logo\/image\/"},"sameAs":["https:\/\/www.linkedin.com\/company\/fultra\/"]}]}},"_links":{"self":[{"href":"https:\/\/fultra.bitaminadigital.com\/fultra\/wp-json\/wp\/v2\/pages\/264","targetHints":{"allow":["GET"]}}],"collection":[{"href":"https:\/\/fultra.bitaminadigital.com\/fultra\/wp-json\/wp\/v2\/pages"}],"about":[{"href":"https:\/\/fultra.bitaminadigital.com\/fultra\/wp-json\/wp\/v2\/types\/page"}],"author":[{"embeddable":true,"href":"https:\/\/fultra.bitaminadigital.com\/fultra\/wp-json\/wp\/v2\/users\/1"}],"replies":[{"embeddable":true,"href":"https:\/\/fultra.bitaminadigital.com\/fultra\/wp-json\/wp\/v2\/comments?post=264"}],"version-history":[{"count":28,"href":"https:\/\/fultra.bitaminadigital.com\/fultra\/wp-json\/wp\/v2\/pages\/264\/revisions"}],"predecessor-version":[{"id":1208,"href":"https:\/\/fultra.bitaminadigital.com\/fultra\/wp-json\/wp\/v2\/pages\/264\/revisions\/1208"}],"wp:attachment":[{"href":"https:\/\/fultra.bitaminadigital.com\/fultra\/wp-json\/wp\/v2\/media?parent=264"}],"curies":[{"name":"wp","href":"https:\/\/api.w.org\/{rel}","templated":true}]}}