{"id":281,"date":"2025-01-15T15:59:14","date_gmt":"2025-01-15T15:59:14","guid":{"rendered":"https:\/\/fultra.bitaminadigital.com\/fultra\/?page_id=281"},"modified":"2025-02-25T21:57:50","modified_gmt":"2025-02-25T21:57:50","slug":"idealease","status":"publish","type":"page","link":"https:\/\/fultra.bitaminadigital.com\/fultra\/idealease\/","title":{"rendered":"Soluciones | IDEALISE"},"content":{"rendered":"\t\t<div data-elementor-type=\"wp-post\" data-elementor-id=\"281\" class=\"elementor elementor-281\" data-elementor-settings=\"{&quot;ha_cmc_init_switcher&quot;:&quot;no&quot;}\">\n\t\t\t\t<div class=\"elementor-element elementor-element-7b5819f e-con-full e-flex e-con e-parent\" data-id=\"7b5819f\" data-element_type=\"container\" data-settings=\"{&quot;background_background&quot;:&quot;classic&quot;,&quot;_ha_eqh_enable&quot;:false}\">\n\t\t\t\t<\/div>\n\t\t<div class=\"elementor-element elementor-element-8661644 e-con-full e-flex e-con e-parent\" data-id=\"8661644\" data-element_type=\"container\" data-settings=\"{&quot;_ha_eqh_enable&quot;:false}\">\n\t\t<div class=\"elementor-element elementor-element-a635880 e-con-full e-flex e-con e-child\" data-id=\"a635880\" data-element_type=\"container\" data-settings=\"{&quot;_ha_eqh_enable&quot;:false}\">\n\t\t\t\t<div class=\"elementor-element elementor-element-9237627 elementor-widget elementor-widget-heading\" data-id=\"9237627\" data-element_type=\"widget\" data-widget_type=\"heading.default\">\n\t\t\t\t\t<h1 class=\"elementor-heading-title elementor-size-default\">El socio preferido en renta de camiones para el transportista<\/h1>\t\t\t\t<\/div>\n\t\t\t\t<div class=\"elementor-element elementor-element-f2f85c9 elementor-widget-divider--view-line elementor-widget elementor-widget-divider\" data-id=\"f2f85c9\" data-element_type=\"widget\" data-widget_type=\"divider.default\">\n\t\t\t\t\t\t\t<div class=\"elementor-divider\">\n\t\t\t<span class=\"elementor-divider-separator\">\n\t\t\t\t\t\t<\/span>\n\t\t<\/div>\n\t\t\t\t\t\t<\/div>\n\t\t\t\t<div class=\"elementor-element elementor-element-4089f17 elementor-widget elementor-widget-text-editor\" data-id=\"4089f17\" data-element_type=\"widget\" data-widget_type=\"text-editor.default\">\n\t\t\t\t\t\t\t\t\t<p><span style=\"font-weight: 400;\">Idealease, ofrece la renta y arrendamiento de camiones de carga ayudando a sus clientes a eficientar sus operaciones, sin la necesidad de que inviertan en camiones, talleres y servicios mec\u00e1nicos.<\/span><\/p><p><span style=\"font-weight: 400;\">Dentro de sus productos y servicios ofrece Idealease se encuentran: la renta a corto plazo de camiones desde 1 d\u00eda hasta 1 a\u00f1o, arrendamiento de camiones de 1 a 5 a\u00f1os con mantenimiento incluido, servicio de mantenimiento todo incluido para unidades nuevas, servicio de mantenimiento dedicado para unidades usadas ya sea en taller propio o del cliente.<\/span><\/p><p><span style=\"font-weight: 400;\">Su infraestructura le permite respaldar todas sus l\u00edneas de negocio con 39 talleres, 360 bah\u00edas, +120 camionetas de rescate, +608 colaboradores, +250 t\u00e9cnicos certificados en motores a di\u00e9sel, garantizando as\u00ed la movilidad y operaciones continuas de nuestros clientes.<\/span><\/p>\t\t\t\t\t\t\t\t<\/div>\n\t\t\t\t<div class=\"elementor-element elementor-element-b62beae elementor-mobile-align-justify elementor-widget elementor-widget-button\" data-id=\"b62beae\" data-element_type=\"widget\" data-widget_type=\"button.default\">\n\t\t\t\t\t\t\t\t\t\t<a class=\"elementor-button elementor-button-link elementor-size-sm\" href=\"https:\/\/idealease.mx\/\" target=\"_blank\">\n\t\t\t\t\t\t<span class=\"elementor-button-content-wrapper\">\n\t\t\t\t\t\t\t\t\t<span class=\"elementor-button-text\">Visitar sitio<\/span>\n\t\t\t\t\t<\/span>\n\t\t\t\t\t<\/a>\n\t\t\t\t\t\t\t\t<\/div>\n\t\t\t\t<\/div>\n\t\t<div class=\"elementor-element elementor-element-2620d5f e-con-full e-flex e-con e-child\" data-id=\"2620d5f\" data-element_type=\"container\" data-settings=\"{&quot;background_background&quot;:&quot;slideshow&quot;,&quot;background_slideshow_gallery&quot;:[{&quot;id&quot;:720,&quot;url&quot;:&quot;https:\\\/\\\/fultra.bitaminadigital.com\\\/fultra\\\/wp-content\\\/uploads\\\/2025\\\/02\\\/idealease-productos.webp&quot;}],&quot;background_slideshow_loop&quot;:&quot;yes&quot;,&quot;background_slideshow_slide_duration&quot;:5000,&quot;background_slideshow_slide_transition&quot;:&quot;fade&quot;,&quot;background_slideshow_transition_duration&quot;:500,&quot;_ha_eqh_enable&quot;:false}\">\n\t\t\t\t<\/div>\n\t\t\t\t<\/div>\n\t\t\t\t<\/div>\n\t\t","protected":false},"excerpt":{"rendered":"<p>El socio preferido en renta de camiones para el transportista Idealease, ofrece la renta y arrendamiento de camiones de carga ayudando a sus clientes a eficientar sus operaciones, sin la necesidad de que inviertan en camiones, talleres y servicios mec\u00e1nicos. Dentro de sus productos y servicios ofrece Idealease se encuentran: la renta a corto plazo [&hellip;]<\/p>\n","protected":false},"author":1,"featured_media":0,"parent":0,"menu_order":0,"comment_status":"closed","ping_status":"closed","template":"","meta":{"footnotes":""},"class_list":["post-281","page","type-page","status-publish","hentry"],"yoast_head":"<!-- This site is optimized with the Yoast SEO plugin v24.5 - https:\/\/yoast.com\/wordpress\/plugins\/seo\/ -->\n<title>Idealease, arrendamiento de camiones y transporte<\/title>\n<meta name=\"description\" content=\"Idealease ofrece arrendamiento de camiones de 1 a 5 a\u00f1os con mantenimiento, servicio dedicado para unidades usadas y m\u00e1s de 120 unidades de rescate.\" \/>\n<meta name=\"robots\" content=\"index, follow, max-snippet:-1, max-image-preview:large, max-video-preview:-1\" \/>\n<link rel=\"canonical\" href=\"https:\/\/fultra.bitaminadigital.com\/fultra\/idealease\/\" \/>\n<meta property=\"og:locale\" content=\"es_MX\" \/>\n<meta property=\"og:type\" content=\"article\" \/>\n<meta property=\"og:title\" content=\"Idealease, arrendamiento de camiones y transporte\" \/>\n<meta property=\"og:description\" content=\"Idealease ofrece arrendamiento de camiones de 1 a 5 a\u00f1os con mantenimiento, servicio dedicado para unidades usadas y m\u00e1s de 120 unidades de rescate.\" \/>\n<meta property=\"og:url\" content=\"https:\/\/fultra.bitaminadigital.com\/fultra\/idealease\/\" \/>\n<meta property=\"og:site_name\" content=\"Fultra\" \/>\n<meta property=\"article:modified_time\" content=\"2025-02-25T21:57:50+00:00\" \/>\n<meta property=\"og:image\" content=\"https:\/\/fultra.bitaminadigital.com\/fultra\/wp-content\/uploads\/2025\/01\/logo-fultra-e1736518485601.webp\" \/>\n\t<meta property=\"og:image:width\" content=\"383\" \/>\n\t<meta property=\"og:image:height\" content=\"80\" \/>\n\t<meta property=\"og:image:type\" content=\"image\/webp\" \/>\n<meta name=\"twitter:card\" content=\"summary_large_image\" \/>\n<script type=\"application\/ld+json\" class=\"yoast-schema-graph\">{\"@context\":\"https:\/\/schema.org\",\"@graph\":[{\"@type\":\"WebPage\",\"@id\":\"https:\/\/fultra.bitaminadigital.com\/fultra\/idealease\/\",\"url\":\"https:\/\/fultra.bitaminadigital.com\/fultra\/idealease\/\",\"name\":\"Idealease, arrendamiento de camiones y transporte\",\"isPartOf\":{\"@id\":\"https:\/\/fultra.bitaminadigital.com\/fultra\/#website\"},\"datePublished\":\"2025-01-15T15:59:14+00:00\",\"dateModified\":\"2025-02-25T21:57:50+00:00\",\"description\":\"Idealease ofrece arrendamiento de camiones de 1 a 5 a\u00f1os con mantenimiento, servicio dedicado para unidades usadas y m\u00e1s de 120 unidades de rescate.\",\"breadcrumb\":{\"@id\":\"https:\/\/fultra.bitaminadigital.com\/fultra\/idealease\/#breadcrumb\"},\"inLanguage\":\"es\",\"potentialAction\":[{\"@type\":\"ReadAction\",\"target\":[\"https:\/\/fultra.bitaminadigital.com\/fultra\/idealease\/\"]}]},{\"@type\":\"BreadcrumbList\",\"@id\":\"https:\/\/fultra.bitaminadigital.com\/fultra\/idealease\/#breadcrumb\",\"itemListElement\":[{\"@type\":\"ListItem\",\"position\":1,\"name\":\"Inicio\",\"item\":\"https:\/\/fultra.bitaminadigital.com\/fultra\/\"},{\"@type\":\"ListItem\",\"position\":2,\"name\":\"Soluciones | IDEALISE\"}]},{\"@type\":\"WebSite\",\"@id\":\"https:\/\/fultra.bitaminadigital.com\/fultra\/#website\",\"url\":\"https:\/\/fultra.bitaminadigital.com\/fultra\/\",\"name\":\"Fultra\",\"description\":\"Soluciones al transporte\",\"publisher\":{\"@id\":\"https:\/\/fultra.bitaminadigital.com\/fultra\/#organization\"},\"alternateName\":\"Fultra MX\",\"potentialAction\":[{\"@type\":\"SearchAction\",\"target\":{\"@type\":\"EntryPoint\",\"urlTemplate\":\"https:\/\/fultra.bitaminadigital.com\/fultra\/?s={search_term_string}\"},\"query-input\":{\"@type\":\"PropertyValueSpecification\",\"valueRequired\":true,\"valueName\":\"search_term_string\"}}],\"inLanguage\":\"es\"},{\"@type\":\"Organization\",\"@id\":\"https:\/\/fultra.bitaminadigital.com\/fultra\/#organization\",\"name\":\"Fultra\",\"url\":\"https:\/\/fultra.bitaminadigital.com\/fultra\/\",\"logo\":{\"@type\":\"ImageObject\",\"inLanguage\":\"es\",\"@id\":\"https:\/\/fultra.bitaminadigital.com\/fultra\/#\/schema\/logo\/image\/\",\"url\":\"https:\/\/fultra.bitaminadigital.com\/fultra\/wp-content\/uploads\/2025\/01\/logo-fultra-e1736518485601.webp\",\"contentUrl\":\"https:\/\/fultra.bitaminadigital.com\/fultra\/wp-content\/uploads\/2025\/01\/logo-fultra-e1736518485601.webp\",\"width\":383,\"height\":80,\"caption\":\"Fultra\"},\"image\":{\"@id\":\"https:\/\/fultra.bitaminadigital.com\/fultra\/#\/schema\/logo\/image\/\"},\"sameAs\":[\"https:\/\/www.linkedin.com\/company\/fultra\/\"]}]}<\/script>\n<!-- \/ Yoast SEO plugin. -->","yoast_head_json":{"title":"Idealease, arrendamiento de camiones y transporte","description":"Idealease ofrece arrendamiento de camiones de 1 a 5 a\u00f1os con mantenimiento, servicio dedicado para unidades usadas y m\u00e1s de 120 unidades de rescate.","robots":{"index":"index","follow":"follow","max-snippet":"max-snippet:-1","max-image-preview":"max-image-preview:large","max-video-preview":"max-video-preview:-1"},"canonical":"https:\/\/fultra.bitaminadigital.com\/fultra\/idealease\/","og_locale":"es_MX","og_type":"article","og_title":"Idealease, arrendamiento de camiones y transporte","og_description":"Idealease ofrece arrendamiento de camiones de 1 a 5 a\u00f1os con mantenimiento, servicio dedicado para unidades usadas y m\u00e1s de 120 unidades de rescate.","og_url":"https:\/\/fultra.bitaminadigital.com\/fultra\/idealease\/","og_site_name":"Fultra","article_modified_time":"2025-02-25T21:57:50+00:00","og_image":[{"width":383,"height":80,"url":"https:\/\/fultra.bitaminadigital.com\/fultra\/wp-content\/uploads\/2025\/01\/logo-fultra-e1736518485601.webp","type":"image\/webp"}],"twitter_card":"summary_large_image","schema":{"@context":"https:\/\/schema.org","@graph":[{"@type":"WebPage","@id":"https:\/\/fultra.bitaminadigital.com\/fultra\/idealease\/","url":"https:\/\/fultra.bitaminadigital.com\/fultra\/idealease\/","name":"Idealease, arrendamiento de camiones y transporte","isPartOf":{"@id":"https:\/\/fultra.bitaminadigital.com\/fultra\/#website"},"datePublished":"2025-01-15T15:59:14+00:00","dateModified":"2025-02-25T21:57:50+00:00","description":"Idealease ofrece arrendamiento de camiones de 1 a 5 a\u00f1os con mantenimiento, servicio dedicado para unidades usadas y m\u00e1s de 120 unidades de rescate.","breadcrumb":{"@id":"https:\/\/fultra.bitaminadigital.com\/fultra\/idealease\/#breadcrumb"},"inLanguage":"es","potentialAction":[{"@type":"ReadAction","target":["https:\/\/fultra.bitaminadigital.com\/fultra\/idealease\/"]}]},{"@type":"BreadcrumbList","@id":"https:\/\/fultra.bitaminadigital.com\/fultra\/idealease\/#breadcrumb","itemListElement":[{"@type":"ListItem","position":1,"name":"Inicio","item":"https:\/\/fultra.bitaminadigital.com\/fultra\/"},{"@type":"ListItem","position":2,"name":"Soluciones | IDEALISE"}]},{"@type":"WebSite","@id":"https:\/\/fultra.bitaminadigital.com\/fultra\/#website","url":"https:\/\/fultra.bitaminadigital.com\/fultra\/","name":"Fultra","description":"Soluciones al transporte","publisher":{"@id":"https:\/\/fultra.bitaminadigital.com\/fultra\/#organization"},"alternateName":"Fultra MX","potentialAction":[{"@type":"SearchAction","target":{"@type":"EntryPoint","urlTemplate":"https:\/\/fultra.bitaminadigital.com\/fultra\/?s={search_term_string}"},"query-input":{"@type":"PropertyValueSpecification","valueRequired":true,"valueName":"search_term_string"}}],"inLanguage":"es"},{"@type":"Organization","@id":"https:\/\/fultra.bitaminadigital.com\/fultra\/#organization","name":"Fultra","url":"https:\/\/fultra.bitaminadigital.com\/fultra\/","logo":{"@type":"ImageObject","inLanguage":"es","@id":"https:\/\/fultra.bitaminadigital.com\/fultra\/#\/schema\/logo\/image\/","url":"https:\/\/fultra.bitaminadigital.com\/fultra\/wp-content\/uploads\/2025\/01\/logo-fultra-e1736518485601.webp","contentUrl":"https:\/\/fultra.bitaminadigital.com\/fultra\/wp-content\/uploads\/2025\/01\/logo-fultra-e1736518485601.webp","width":383,"height":80,"caption":"Fultra"},"image":{"@id":"https:\/\/fultra.bitaminadigital.com\/fultra\/#\/schema\/logo\/image\/"},"sameAs":["https:\/\/www.linkedin.com\/company\/fultra\/"]}]}},"_links":{"self":[{"href":"https:\/\/fultra.bitaminadigital.com\/fultra\/wp-json\/wp\/v2\/pages\/281","targetHints":{"allow":["GET"]}}],"collection":[{"href":"https:\/\/fultra.bitaminadigital.com\/fultra\/wp-json\/wp\/v2\/pages"}],"about":[{"href":"https:\/\/fultra.bitaminadigital.com\/fultra\/wp-json\/wp\/v2\/types\/page"}],"author":[{"embeddable":true,"href":"https:\/\/fultra.bitaminadigital.com\/fultra\/wp-json\/wp\/v2\/users\/1"}],"replies":[{"embeddable":true,"href":"https:\/\/fultra.bitaminadigital.com\/fultra\/wp-json\/wp\/v2\/comments?post=281"}],"version-history":[{"count":34,"href":"https:\/\/fultra.bitaminadigital.com\/fultra\/wp-json\/wp\/v2\/pages\/281\/revisions"}],"predecessor-version":[{"id":1268,"href":"https:\/\/fultra.bitaminadigital.com\/fultra\/wp-json\/wp\/v2\/pages\/281\/revisions\/1268"}],"wp:attachment":[{"href":"https:\/\/fultra.bitaminadigital.com\/fultra\/wp-json\/wp\/v2\/media?parent=281"}],"curies":[{"name":"wp","href":"https:\/\/api.w.org\/{rel}","templated":true}]}}