{"id":404,"date":"2025-01-17T08:02:37","date_gmt":"2025-01-17T08:02:37","guid":{"rendered":"https:\/\/fultra.bitaminadigital.com\/fultra\/?page_id=404"},"modified":"2025-02-25T18:21:55","modified_gmt":"2025-02-25T18:21:55","slug":"empresas","status":"publish","type":"page","link":"https:\/\/fultra.bitaminadigital.com\/fultra\/empresas\/","title":{"rendered":"Empresas | General"},"content":{"rendered":"\t\t<div data-elementor-type=\"wp-post\" data-elementor-id=\"404\" class=\"elementor elementor-404\" data-elementor-settings=\"{&quot;ha_cmc_init_switcher&quot;:&quot;no&quot;}\">\n\t\t\t\t<div class=\"elementor-element elementor-element-99c3f6e e-con-full e-flex e-con e-parent\" data-id=\"99c3f6e\" data-element_type=\"container\" data-settings=\"{&quot;_ha_eqh_enable&quot;:false}\">\n\t\t\t\t<div class=\"elementor-element elementor-element-8e09e36 elementor-widget elementor-widget-heading\" data-id=\"8e09e36\" data-element_type=\"widget\" data-widget_type=\"heading.default\">\n\t\t\t\t\t<h1 class=\"elementor-heading-title elementor-size-default\">NUESTRAS EMPRESAS<\/h1>\t\t\t\t<\/div>\n\t\t\t\t<\/div>\n\t\t<div class=\"elementor-element elementor-element-ae2027e e-con-full e-flex e-con e-parent\" data-id=\"ae2027e\" data-element_type=\"container\" data-settings=\"{&quot;background_background&quot;:&quot;classic&quot;,&quot;_ha_eqh_enable&quot;:false}\">\n\t\t<div class=\"elementor-element elementor-element-d44d81c e-con-full e-flex e-con e-child\" data-id=\"d44d81c\" data-element_type=\"container\" data-settings=\"{&quot;background_background&quot;:&quot;classic&quot;,&quot;_ha_eqh_enable&quot;:false}\">\n\t\t\t\t<div data-ha-element-link=\"{&quot;url&quot;:&quot;https:\\\/\\\/fultra.bitaminadigital.com\\\/fultra\\\/fruehauf\\\/&quot;,&quot;is_external&quot;:&quot;&quot;,&quot;nofollow&quot;:&quot;&quot;}\" style=\"cursor: pointer\" class=\"elementor-element elementor-element-2aa5ad1 elementor-widget elementor-widget-ha-flip-box happy-addon ha-flip-box\" data-id=\"2aa5ad1\" data-element_type=\"widget\" data-widget_type=\"ha-flip-box.default\">\n\t\t\t\t<div class=\"elementor-widget-container\">\n\t\t\t\t\t\n        <div class=\"ha-flip-box-container ha-flip-effect-classic\">\n\n            <div class=\"ha-flip-box-inner ha-flip-right\">\n                <div class=\"ha-flip-box-inner-wrapper\">\n                    <div class=\"ha-flip-box-front\">\n                        <div class=\"ha-flip-box-front-inner\">\n                            <div class=\"icon-wrap\">\n                                                                                            <\/div>\n\n                            <div class=\"ha-text\">\n                                \n                                                            <\/div>\n                        <\/div>\n                    <\/div>\n\n                    <div class=\"ha-flip-box-back\">\n                        <div class=\"ha-flip-box-back-inner\">\n                            <div class=\"icon-wrap\">\n                                                                                            <\/div>\n\n                            <div class=\"ha-text\">\n                                                                    <h2 class=\"ha-flip-box-heading-back\">Fabricaci\u00f3n y venta de semirremolques y remolques.<\/h2>\n                                \n                                                                    <p class=\"ha-desc\">Conoce m\u00e1s.<\/p>\n                                                            <\/div>\n\n                        <\/div>\n                    <\/div>\n                <\/div>\n            <\/div>\n        <\/div>\n    \t\t\t\t<\/div>\n\t\t\t\t<\/div>\n\t\t\t\t<\/div>\n\t\t<div class=\"elementor-element elementor-element-bb22ce4 e-con-full e-flex e-con e-child\" data-id=\"bb22ce4\" data-element_type=\"container\" data-settings=\"{&quot;background_background&quot;:&quot;classic&quot;,&quot;_ha_eqh_enable&quot;:false}\">\n\t\t\t\t<div data-ha-element-link=\"{&quot;url&quot;:&quot;https:\\\/\\\/fultra.bitaminadigital.com\\\/fultra\\\/east\\\/&quot;,&quot;is_external&quot;:&quot;&quot;,&quot;nofollow&quot;:&quot;&quot;}\" style=\"cursor: pointer\" class=\"elementor-element elementor-element-8b9c3cb elementor-widget elementor-widget-ha-flip-box happy-addon ha-flip-box\" data-id=\"8b9c3cb\" data-element_type=\"widget\" data-widget_type=\"ha-flip-box.default\">\n\t\t\t\t<div class=\"elementor-widget-container\">\n\t\t\t\t\t\n        <div class=\"ha-flip-box-container ha-flip-effect-classic\">\n\n            <div class=\"ha-flip-box-inner ha-flip-right\">\n                <div class=\"ha-flip-box-inner-wrapper\">\n                    <div class=\"ha-flip-box-front\">\n                        <div class=\"ha-flip-box-front-inner\">\n                            <div class=\"icon-wrap\">\n                                                                                            <\/div>\n\n                            <div class=\"ha-text\">\n                                \n                                                            <\/div>\n                        <\/div>\n                    <\/div>\n\n                    <div class=\"ha-flip-box-back\">\n                        <div class=\"ha-flip-box-back-inner\">\n                            <div class=\"icon-wrap\">\n                                                                                            <\/div>\n\n                            <div class=\"ha-text\">\n                                                                    <h2 class=\"ha-flip-box-heading-back\">Fabricaci\u00f3n y venta de remolques especializados en aluminio.<\/h2>\n                                \n                                                                    <p class=\"ha-desc\">Conoce m\u00e1s.<\/p>\n                                                            <\/div>\n\n                        <\/div>\n                    <\/div>\n                <\/div>\n            <\/div>\n        <\/div>\n    \t\t\t\t<\/div>\n\t\t\t\t<\/div>\n\t\t\t\t<\/div>\n\t\t<div class=\"elementor-element elementor-element-f9a780b e-con-full e-flex e-con e-child\" data-id=\"f9a780b\" data-element_type=\"container\" data-settings=\"{&quot;background_background&quot;:&quot;classic&quot;,&quot;_ha_eqh_enable&quot;:false}\">\n\t\t\t\t<div data-ha-element-link=\"{&quot;url&quot;:&quot;https:\\\/\\\/fultra.bitaminadigital.com\\\/fultra\\\/sierra-norte\\\/&quot;,&quot;is_external&quot;:&quot;&quot;,&quot;nofollow&quot;:&quot;&quot;}\" style=\"cursor: pointer\" class=\"elementor-element elementor-element-d674929 elementor-widget elementor-widget-ha-flip-box happy-addon ha-flip-box\" data-id=\"d674929\" data-element_type=\"widget\" data-widget_type=\"ha-flip-box.default\">\n\t\t\t\t<div class=\"elementor-widget-container\">\n\t\t\t\t\t\n        <div class=\"ha-flip-box-container ha-flip-effect-classic\">\n\n            <div class=\"ha-flip-box-inner ha-flip-right\">\n                <div class=\"ha-flip-box-inner-wrapper\">\n                    <div class=\"ha-flip-box-front\">\n                        <div class=\"ha-flip-box-front-inner\">\n                            <div class=\"icon-wrap\">\n                                                                                            <\/div>\n\n                            <div class=\"ha-text\">\n                                \n                                                            <\/div>\n                        <\/div>\n                    <\/div>\n\n                    <div class=\"ha-flip-box-back\">\n                        <div class=\"ha-flip-box-back-inner\">\n                            <div class=\"icon-wrap\">\n                                                                                            <\/div>\n\n                            <div class=\"ha-text\">\n                                                                    <h2 class=\"ha-flip-box-heading-back\">Distribuidor de Camiones y Autobuses Internacional.<\/h2>\n                                \n                                                                    <p class=\"ha-desc\">Conoce m\u00e1s.<\/p>\n                                                            <\/div>\n\n                        <\/div>\n                    <\/div>\n                <\/div>\n            <\/div>\n        <\/div>\n    \t\t\t\t<\/div>\n\t\t\t\t<\/div>\n\t\t\t\t<\/div>\n\t\t<div class=\"elementor-element elementor-element-85905e3 e-con-full e-flex e-con e-child\" data-id=\"85905e3\" data-element_type=\"container\" data-settings=\"{&quot;background_background&quot;:&quot;classic&quot;,&quot;_ha_eqh_enable&quot;:false}\">\n\t\t\t\t<div data-ha-element-link=\"{&quot;url&quot;:&quot;https:\\\/\\\/fultra.bitaminadigital.com\\\/fultra\\\/amparts\\\/&quot;,&quot;is_external&quot;:&quot;&quot;,&quot;nofollow&quot;:&quot;&quot;}\" style=\"cursor: pointer\" class=\"elementor-element elementor-element-788258f elementor-widget elementor-widget-ha-flip-box happy-addon ha-flip-box\" data-id=\"788258f\" data-element_type=\"widget\" data-widget_type=\"ha-flip-box.default\">\n\t\t\t\t<div class=\"elementor-widget-container\">\n\t\t\t\t\t\n        <div class=\"ha-flip-box-container ha-flip-effect-classic\">\n\n            <div class=\"ha-flip-box-inner ha-flip-right\">\n                <div class=\"ha-flip-box-inner-wrapper\">\n                    <div class=\"ha-flip-box-front\">\n                        <div class=\"ha-flip-box-front-inner\">\n                            <div class=\"icon-wrap\">\n                                                                                            <\/div>\n\n                            <div class=\"ha-text\">\n                                \n                                                            <\/div>\n                        <\/div>\n                    <\/div>\n\n                    <div class=\"ha-flip-box-back\">\n                        <div class=\"ha-flip-box-back-inner\">\n                            <div class=\"icon-wrap\">\n                                                                                            <\/div>\n\n                            <div class=\"ha-text\">\n                                                                    <h2 class=\"ha-flip-box-heading-back\">Venta de refacciones para remolques y camiones.<\/h2>\n                                \n                                                                    <p class=\"ha-desc\">Conoce m\u00e1s.<\/p>\n                                                            <\/div>\n\n                        <\/div>\n                    <\/div>\n                <\/div>\n            <\/div>\n        <\/div>\n    \t\t\t\t<\/div>\n\t\t\t\t<\/div>\n\t\t\t\t<\/div>\n\t\t\t\t<\/div>\n\t\t<div class=\"elementor-element elementor-element-a6a0b7f e-con-full e-flex e-con e-parent\" data-id=\"a6a0b7f\" data-element_type=\"container\" data-settings=\"{&quot;background_background&quot;:&quot;classic&quot;,&quot;_ha_eqh_enable&quot;:false}\">\n\t\t<div class=\"elementor-element elementor-element-f2c06df e-con-full e-flex e-con e-child\" data-id=\"f2c06df\" data-element_type=\"container\" data-settings=\"{&quot;background_background&quot;:&quot;classic&quot;,&quot;_ha_eqh_enable&quot;:false}\">\n\t\t\t\t<div data-ha-element-link=\"{&quot;url&quot;:&quot;https:\\\/\\\/fultra.bitaminadigital.com\\\/fultra\\\/promare\\\/&quot;,&quot;is_external&quot;:&quot;&quot;,&quot;nofollow&quot;:&quot;&quot;}\" style=\"cursor: pointer\" class=\"elementor-element elementor-element-743cc7c elementor-widget elementor-widget-ha-flip-box happy-addon ha-flip-box\" data-id=\"743cc7c\" data-element_type=\"widget\" data-widget_type=\"ha-flip-box.default\">\n\t\t\t\t<div class=\"elementor-widget-container\">\n\t\t\t\t\t\n        <div class=\"ha-flip-box-container ha-flip-effect-classic\">\n\n            <div class=\"ha-flip-box-inner ha-flip-right\">\n                <div class=\"ha-flip-box-inner-wrapper\">\n                    <div class=\"ha-flip-box-front\">\n                        <div class=\"ha-flip-box-front-inner\">\n                            <div class=\"icon-wrap\">\n                                                                                            <\/div>\n\n                            <div class=\"ha-text\">\n                                \n                                                            <\/div>\n                        <\/div>\n                    <\/div>\n\n                    <div class=\"ha-flip-box-back\">\n                        <div class=\"ha-flip-box-back-inner\">\n                            <div class=\"icon-wrap\">\n                                                                                            <\/div>\n\n                            <div class=\"ha-text\">\n                                                                    <h2 class=\"ha-flip-box-heading-back\">Venta de componentes y refacciones para remolques.<\/h2>\n                                \n                                                                    <p class=\"ha-desc\">Conoce m\u00e1s.<\/p>\n                                                            <\/div>\n\n                        <\/div>\n                    <\/div>\n                <\/div>\n            <\/div>\n        <\/div>\n    \t\t\t\t<\/div>\n\t\t\t\t<\/div>\n\t\t\t\t<\/div>\n\t\t<div class=\"elementor-element elementor-element-b7e419c e-con-full e-flex e-con e-child\" data-id=\"b7e419c\" data-element_type=\"container\" data-settings=\"{&quot;background_background&quot;:&quot;classic&quot;,&quot;_ha_eqh_enable&quot;:false}\">\n\t\t\t\t<div data-ha-element-link=\"{&quot;url&quot;:&quot;https:\\\/\\\/fultra.bitaminadigital.com\\\/fultra\\\/promare\\\/&quot;,&quot;is_external&quot;:&quot;&quot;,&quot;nofollow&quot;:&quot;&quot;}\" style=\"cursor: pointer\" class=\"elementor-element elementor-element-07d321f elementor-widget elementor-widget-ha-flip-box happy-addon ha-flip-box\" data-id=\"07d321f\" data-element_type=\"widget\" data-widget_type=\"ha-flip-box.default\">\n\t\t\t\t<div class=\"elementor-widget-container\">\n\t\t\t\t\t\n        <div class=\"ha-flip-box-container ha-flip-effect-classic\">\n\n            <div class=\"ha-flip-box-inner ha-flip-right\">\n                <div class=\"ha-flip-box-inner-wrapper\">\n                    <div class=\"ha-flip-box-front\">\n                        <div class=\"ha-flip-box-front-inner\">\n                            <div class=\"icon-wrap\">\n                                                                                            <\/div>\n\n                            <div class=\"ha-text\">\n                                \n                                                            <\/div>\n                        <\/div>\n                    <\/div>\n\n                    <div class=\"ha-flip-box-back\">\n                        <div class=\"ha-flip-box-back-inner\">\n                            <div class=\"icon-wrap\">\n                                                                                            <\/div>\n\n                            <div class=\"ha-text\">\n                                                                    <h2 class=\"ha-flip-box-heading-back\">Soluciones de arrendamiento, financiamiento y seguros.<\/h2>\n                                \n                                                                    <p class=\"ha-desc\">Conoce m\u00e1s.<\/p>\n                                                            <\/div>\n\n                        <\/div>\n                    <\/div>\n                <\/div>\n            <\/div>\n        <\/div>\n    \t\t\t\t<\/div>\n\t\t\t\t<\/div>\n\t\t\t\t<\/div>\n\t\t<div class=\"elementor-element elementor-element-e6af74d e-con-full e-flex e-con e-child\" data-id=\"e6af74d\" data-element_type=\"container\" data-settings=\"{&quot;background_background&quot;:&quot;classic&quot;,&quot;_ha_eqh_enable&quot;:false}\">\n\t\t\t\t<\/div>\n\t\t<div class=\"elementor-element elementor-element-33ce853 e-con-full e-flex e-con e-child\" data-id=\"33ce853\" data-element_type=\"container\" data-settings=\"{&quot;background_background&quot;:&quot;classic&quot;,&quot;_ha_eqh_enable&quot;:false}\">\n\t\t\t\t<\/div>\n\t\t\t\t<\/div>\n\t\t\t\t<\/div>\n\t\t","protected":false},"excerpt":{"rendered":"<p>NUESTRAS EMPRESAS Fabricaci\u00f3n y venta de semirremolques y remolques. Conoce m\u00e1s. Fabricaci\u00f3n y venta de remolques especializados en aluminio. Conoce m\u00e1s. Distribuidor de Camiones y Autobuses Internacional. Conoce m\u00e1s. Venta de refacciones para remolques y camiones. Conoce m\u00e1s. Venta de componentes y refacciones para remolques. Conoce m\u00e1s. Soluciones de arrendamiento, financiamiento y seguros. Conoce m\u00e1s.<\/p>\n","protected":false},"author":1,"featured_media":0,"parent":0,"menu_order":0,"comment_status":"closed","ping_status":"closed","template":"","meta":{"footnotes":""},"class_list":["post-404","page","type-page","status-publish","hentry"],"yoast_head":"<!-- This site is optimized with the Yoast SEO plugin v24.5 - https:\/\/yoast.com\/wordpress\/plugins\/seo\/ -->\n<title>Empresas l\u00edderes en soluciones de transporte<\/title>\n<meta name=\"description\" content=\"Fultra integra empresas l\u00edderes. Fruehauf, East y Sierra Norte, ofreciendo soluciones completas en fabricaci\u00f3n, venta y arrendamiento de equipos de transporte.\" \/>\n<meta name=\"robots\" content=\"index, follow, max-snippet:-1, max-image-preview:large, max-video-preview:-1\" \/>\n<link rel=\"canonical\" href=\"https:\/\/fultra.bitaminadigital.com\/fultra\/empresas\/\" \/>\n<meta property=\"og:locale\" content=\"es_MX\" \/>\n<meta property=\"og:type\" content=\"article\" \/>\n<meta property=\"og:title\" content=\"Empresas l\u00edderes en soluciones de transporte\" \/>\n<meta property=\"og:description\" content=\"Fultra integra empresas l\u00edderes. Fruehauf, East y Sierra Norte, ofreciendo soluciones completas en fabricaci\u00f3n, venta y arrendamiento de equipos de transporte.\" \/>\n<meta property=\"og:url\" content=\"https:\/\/fultra.bitaminadigital.com\/fultra\/empresas\/\" \/>\n<meta property=\"og:site_name\" content=\"Fultra\" \/>\n<meta property=\"article:modified_time\" content=\"2025-02-25T18:21:55+00:00\" \/>\n<meta property=\"og:image\" content=\"https:\/\/fultra.bitaminadigital.com\/fultra\/wp-content\/uploads\/2025\/01\/logo-fultra-e1736518485601.webp\" \/>\n\t<meta property=\"og:image:width\" content=\"383\" \/>\n\t<meta property=\"og:image:height\" content=\"80\" \/>\n\t<meta property=\"og:image:type\" content=\"image\/webp\" \/>\n<meta name=\"twitter:card\" content=\"summary_large_image\" \/>\n<meta name=\"twitter:label1\" content=\"Tiempo de lectura\" \/>\n\t<meta name=\"twitter:data1\" content=\"1 minuto\" \/>\n<script type=\"application\/ld+json\" class=\"yoast-schema-graph\">{\"@context\":\"https:\/\/schema.org\",\"@graph\":[{\"@type\":\"WebPage\",\"@id\":\"https:\/\/fultra.bitaminadigital.com\/fultra\/empresas\/\",\"url\":\"https:\/\/fultra.bitaminadigital.com\/fultra\/empresas\/\",\"name\":\"Empresas l\u00edderes en soluciones de transporte\",\"isPartOf\":{\"@id\":\"https:\/\/fultra.bitaminadigital.com\/fultra\/#website\"},\"datePublished\":\"2025-01-17T08:02:37+00:00\",\"dateModified\":\"2025-02-25T18:21:55+00:00\",\"description\":\"Fultra integra empresas l\u00edderes. Fruehauf, East y Sierra Norte, ofreciendo soluciones completas en fabricaci\u00f3n, venta y arrendamiento de equipos de transporte.\",\"breadcrumb\":{\"@id\":\"https:\/\/fultra.bitaminadigital.com\/fultra\/empresas\/#breadcrumb\"},\"inLanguage\":\"es\",\"potentialAction\":[{\"@type\":\"ReadAction\",\"target\":[\"https:\/\/fultra.bitaminadigital.com\/fultra\/empresas\/\"]}]},{\"@type\":\"BreadcrumbList\",\"@id\":\"https:\/\/fultra.bitaminadigital.com\/fultra\/empresas\/#breadcrumb\",\"itemListElement\":[{\"@type\":\"ListItem\",\"position\":1,\"name\":\"Inicio\",\"item\":\"https:\/\/fultra.bitaminadigital.com\/fultra\/\"},{\"@type\":\"ListItem\",\"position\":2,\"name\":\"Empresas | General\"}]},{\"@type\":\"WebSite\",\"@id\":\"https:\/\/fultra.bitaminadigital.com\/fultra\/#website\",\"url\":\"https:\/\/fultra.bitaminadigital.com\/fultra\/\",\"name\":\"Fultra\",\"description\":\"Soluciones al transporte\",\"publisher\":{\"@id\":\"https:\/\/fultra.bitaminadigital.com\/fultra\/#organization\"},\"alternateName\":\"Fultra MX\",\"potentialAction\":[{\"@type\":\"SearchAction\",\"target\":{\"@type\":\"EntryPoint\",\"urlTemplate\":\"https:\/\/fultra.bitaminadigital.com\/fultra\/?s={search_term_string}\"},\"query-input\":{\"@type\":\"PropertyValueSpecification\",\"valueRequired\":true,\"valueName\":\"search_term_string\"}}],\"inLanguage\":\"es\"},{\"@type\":\"Organization\",\"@id\":\"https:\/\/fultra.bitaminadigital.com\/fultra\/#organization\",\"name\":\"Fultra\",\"url\":\"https:\/\/fultra.bitaminadigital.com\/fultra\/\",\"logo\":{\"@type\":\"ImageObject\",\"inLanguage\":\"es\",\"@id\":\"https:\/\/fultra.bitaminadigital.com\/fultra\/#\/schema\/logo\/image\/\",\"url\":\"https:\/\/fultra.bitaminadigital.com\/fultra\/wp-content\/uploads\/2025\/01\/logo-fultra-e1736518485601.webp\",\"contentUrl\":\"https:\/\/fultra.bitaminadigital.com\/fultra\/wp-content\/uploads\/2025\/01\/logo-fultra-e1736518485601.webp\",\"width\":383,\"height\":80,\"caption\":\"Fultra\"},\"image\":{\"@id\":\"https:\/\/fultra.bitaminadigital.com\/fultra\/#\/schema\/logo\/image\/\"},\"sameAs\":[\"https:\/\/www.linkedin.com\/company\/fultra\/\"]}]}<\/script>\n<!-- \/ Yoast SEO plugin. -->","yoast_head_json":{"title":"Empresas l\u00edderes en soluciones de transporte","description":"Fultra integra empresas l\u00edderes. Fruehauf, East y Sierra Norte, ofreciendo soluciones completas en fabricaci\u00f3n, venta y arrendamiento de equipos de transporte.","robots":{"index":"index","follow":"follow","max-snippet":"max-snippet:-1","max-image-preview":"max-image-preview:large","max-video-preview":"max-video-preview:-1"},"canonical":"https:\/\/fultra.bitaminadigital.com\/fultra\/empresas\/","og_locale":"es_MX","og_type":"article","og_title":"Empresas l\u00edderes en soluciones de transporte","og_description":"Fultra integra empresas l\u00edderes. Fruehauf, East y Sierra Norte, ofreciendo soluciones completas en fabricaci\u00f3n, venta y arrendamiento de equipos de transporte.","og_url":"https:\/\/fultra.bitaminadigital.com\/fultra\/empresas\/","og_site_name":"Fultra","article_modified_time":"2025-02-25T18:21:55+00:00","og_image":[{"width":383,"height":80,"url":"https:\/\/fultra.bitaminadigital.com\/fultra\/wp-content\/uploads\/2025\/01\/logo-fultra-e1736518485601.webp","type":"image\/webp"}],"twitter_card":"summary_large_image","twitter_misc":{"Tiempo de lectura":"1 minuto"},"schema":{"@context":"https:\/\/schema.org","@graph":[{"@type":"WebPage","@id":"https:\/\/fultra.bitaminadigital.com\/fultra\/empresas\/","url":"https:\/\/fultra.bitaminadigital.com\/fultra\/empresas\/","name":"Empresas l\u00edderes en soluciones de transporte","isPartOf":{"@id":"https:\/\/fultra.bitaminadigital.com\/fultra\/#website"},"datePublished":"2025-01-17T08:02:37+00:00","dateModified":"2025-02-25T18:21:55+00:00","description":"Fultra integra empresas l\u00edderes. Fruehauf, East y Sierra Norte, ofreciendo soluciones completas en fabricaci\u00f3n, venta y arrendamiento de equipos de transporte.","breadcrumb":{"@id":"https:\/\/fultra.bitaminadigital.com\/fultra\/empresas\/#breadcrumb"},"inLanguage":"es","potentialAction":[{"@type":"ReadAction","target":["https:\/\/fultra.bitaminadigital.com\/fultra\/empresas\/"]}]},{"@type":"BreadcrumbList","@id":"https:\/\/fultra.bitaminadigital.com\/fultra\/empresas\/#breadcrumb","itemListElement":[{"@type":"ListItem","position":1,"name":"Inicio","item":"https:\/\/fultra.bitaminadigital.com\/fultra\/"},{"@type":"ListItem","position":2,"name":"Empresas | General"}]},{"@type":"WebSite","@id":"https:\/\/fultra.bitaminadigital.com\/fultra\/#website","url":"https:\/\/fultra.bitaminadigital.com\/fultra\/","name":"Fultra","description":"Soluciones al transporte","publisher":{"@id":"https:\/\/fultra.bitaminadigital.com\/fultra\/#organization"},"alternateName":"Fultra MX","potentialAction":[{"@type":"SearchAction","target":{"@type":"EntryPoint","urlTemplate":"https:\/\/fultra.bitaminadigital.com\/fultra\/?s={search_term_string}"},"query-input":{"@type":"PropertyValueSpecification","valueRequired":true,"valueName":"search_term_string"}}],"inLanguage":"es"},{"@type":"Organization","@id":"https:\/\/fultra.bitaminadigital.com\/fultra\/#organization","name":"Fultra","url":"https:\/\/fultra.bitaminadigital.com\/fultra\/","logo":{"@type":"ImageObject","inLanguage":"es","@id":"https:\/\/fultra.bitaminadigital.com\/fultra\/#\/schema\/logo\/image\/","url":"https:\/\/fultra.bitaminadigital.com\/fultra\/wp-content\/uploads\/2025\/01\/logo-fultra-e1736518485601.webp","contentUrl":"https:\/\/fultra.bitaminadigital.com\/fultra\/wp-content\/uploads\/2025\/01\/logo-fultra-e1736518485601.webp","width":383,"height":80,"caption":"Fultra"},"image":{"@id":"https:\/\/fultra.bitaminadigital.com\/fultra\/#\/schema\/logo\/image\/"},"sameAs":["https:\/\/www.linkedin.com\/company\/fultra\/"]}]}},"_links":{"self":[{"href":"https:\/\/fultra.bitaminadigital.com\/fultra\/wp-json\/wp\/v2\/pages\/404","targetHints":{"allow":["GET"]}}],"collection":[{"href":"https:\/\/fultra.bitaminadigital.com\/fultra\/wp-json\/wp\/v2\/pages"}],"about":[{"href":"https:\/\/fultra.bitaminadigital.com\/fultra\/wp-json\/wp\/v2\/types\/page"}],"author":[{"embeddable":true,"href":"https:\/\/fultra.bitaminadigital.com\/fultra\/wp-json\/wp\/v2\/users\/1"}],"replies":[{"embeddable":true,"href":"https:\/\/fultra.bitaminadigital.com\/fultra\/wp-json\/wp\/v2\/comments?post=404"}],"version-history":[{"count":25,"href":"https:\/\/fultra.bitaminadigital.com\/fultra\/wp-json\/wp\/v2\/pages\/404\/revisions"}],"predecessor-version":[{"id":1205,"href":"https:\/\/fultra.bitaminadigital.com\/fultra\/wp-json\/wp\/v2\/pages\/404\/revisions\/1205"}],"wp:attachment":[{"href":"https:\/\/fultra.bitaminadigital.com\/fultra\/wp-json\/wp\/v2\/media?parent=404"}],"curies":[{"name":"wp","href":"https:\/\/api.w.org\/{rel}","templated":true}]}}